{"id":396,"date":"2025-06-12T13:27:41","date_gmt":"2025-06-12T11:27:41","guid":{"rendered":"http:\/\/www.repro-auto.fr\/?page_id=396"},"modified":"2025-06-12T13:51:22","modified_gmt":"2025-06-12T11:51:22","slug":"nous","status":"publish","type":"page","link":"https:\/\/www.repro-auto.fr\/index.php\/nous\/","title":{"rendered":"Nous"},"content":{"rendered":"\n<div class=\"wp-block-columns is-layout-flex wp-container-core-columns-is-layout-28f84493 wp-block-columns-is-layout-flex\">\n<div class=\"wp-block-column is-layout-flow wp-block-column-is-layout-flow\">\n<figure class=\"wp-block-image\"><img decoding=\"async\" src=\"https:\/\/www.repro-auto.com\/web\/image\/953-41960a14\/img_1374_52686375511_o-683x1024-1.jpg\" alt=\"\" style=\"aspect-ratio:1;object-fit:cover\"\/><\/figure>\n<\/div>\n\n\n\n<div class=\"wp-block-column is-layout-flow wp-block-column-is-layout-flow\">\n<figure class=\"wp-block-image size-large\"><img loading=\"lazy\" decoding=\"async\" width=\"769\" height=\"1024\" src=\"http:\/\/www.repro-auto.fr\/wp-content\/uploads\/2025\/06\/PXL_20250610_202732307.MP_-769x1024.jpg\" alt=\"\" class=\"wp-image-403\" style=\"aspect-ratio:1;object-fit:cover\" srcset=\"https:\/\/www.repro-auto.fr\/wp-content\/uploads\/2025\/06\/PXL_20250610_202732307.MP_-769x1024.jpg 769w, https:\/\/www.repro-auto.fr\/wp-content\/uploads\/2025\/06\/PXL_20250610_202732307.MP_-225x300.jpg 225w, https:\/\/www.repro-auto.fr\/wp-content\/uploads\/2025\/06\/PXL_20250610_202732307.MP_.jpg 1262w\" sizes=\"auto, (max-width: 769px) 100vw, 769px\" \/><\/figure>\n<\/div>\n\n\n\n<div class=\"wp-block-column is-vertically-aligned-center is-layout-flow wp-block-column-is-layout-flow\">\n<figure class=\"wp-block-image\"><img decoding=\"async\" src=\"https:\/\/www.repro-auto.com\/web\/image\/955-051be0a2\/2023-02-21-11h07m23.webp\" alt=\"\" style=\"aspect-ratio:4\/3;object-fit:cover\"\/><\/figure>\n<\/div>\n<\/div>\n\n\n\n<div class=\"wp-block-columns is-layout-flex wp-container-core-columns-is-layout-28f84493 wp-block-columns-is-layout-flex\">\n<div class=\"wp-block-column is-layout-flow wp-block-column-is-layout-flow\">\n<h2 class=\"wp-block-heading\">L&rsquo;\u00e9quipe<\/h2>\n\n\n\n<p>Repro-Auto est une entreprise fond\u00e9e par Quentin, un \u00e9tudiant en ing\u00e9nierie. Cette aventure est le fruit d\u2019un travail familial o\u00f9 tout le monde rajoute sa pierre \u00e0 l\u2019\u00e9difice. Quentin est \u00e9galement le fondateur d\u2019une association permettant \u00e0 des \u00e9tudiants de partir au 4L Trophy, Trophy auquel il a pu particip\u00e9 en 2023 sous le num\u00e9ro 720<\/p>\n\n\n\n<p><\/p>\n<\/div>\n\n\n\n<div class=\"wp-block-column is-layout-flow wp-block-column-is-layout-flow\">\n<h2 class=\"wp-block-heading\">Notre philosophie<\/h2>\n\n\n\n<p>Entraide ! C\u2019est l\u2019un de nos maitres-mots avec qualit\u00e9 ! Toutes les pi\u00e8ces propos\u00e9es par Repro-Auto ont \u00e9t\u00e9 conceptualis\u00e9es avec soin, produites avec le souci du d\u00e9tail et test\u00e9es dans les r\u00e8gles de l\u2019art.<\/p>\n\n\n\n<p>Gr\u00e2ce \u00e0 des machines professionnelles comme la Form 4 de Formlabs, nous sommes en mesure de vous fournir des pi\u00e8ces de qualit\u00e9 industrielle.<\/p>\n\n\n\n<p>Nous avons test\u00e9 pendant le 4L Trophy 2023, nos pi\u00e8ces afin de garantir leurs r\u00e9sistances !<\/p>\n\n\n\n<p>Qui dit entraide dit code promo pour les \u00e9quipages du 4L Trophy ! Envoyez-nous un petit message et on verra ce qu\u2019on peut faire pour vous.<\/p>\n<\/div>\n\n\n\n<div class=\"wp-block-column is-layout-flow wp-block-column-is-layout-flow\">\n<h2 class=\"wp-block-heading\">Services<\/h2>\n\n\n\n<p>Nous proposons tout au long de l\u2019ann\u00e9e la possibilit\u00e9 de personnaliser vos cache-moyeux pour le 4L Trophy, mais \u00e9galement la possibilit\u00e9 de concevoir vos propres pi\u00e8ces.<\/p>\n\n\n\n<p>Nous \u00e9tudions toutes les propositions de projets !<\/p>\n<\/div>\n<\/div>\n\n\n\n<p><\/p>\n","protected":false},"excerpt":{"rendered":"<p>L&rsquo;\u00e9quipe Repro-Auto est une entreprise fond\u00e9e par Quentin, un \u00e9tudiant en ing\u00e9nierie. Cette aventure est le fruit d\u2019un travail familial o\u00f9 tout le monde rajoute sa pierre \u00e0 l\u2019\u00e9difice. Quentin est \u00e9galement le fondateur d\u2019une association permettant \u00e0 des \u00e9tudiants de partir au 4L Trophy, Trophy auquel il a pu particip\u00e9 en 2023 sous le &hellip; <\/p>\n<p class=\"link-more\"><a href=\"https:\/\/www.repro-auto.fr\/index.php\/nous\/\" class=\"more-link\">Lire la suite de<span class=\"screen-reader-text\">\u00ab\u00a0Nous\u00a0\u00bb<\/span><\/a><\/p>\n","protected":false},"author":1,"featured_media":0,"parent":0,"menu_order":0,"comment_status":"closed","ping_status":"closed","template":"","meta":{"googlesitekit_rrm_CAow_9C-DA:productID":"","om_disable_all_campaigns":false,"_monsterinsights_skip_tracking":false,"_monsterinsights_sitenote_active":false,"_monsterinsights_sitenote_note":"","_monsterinsights_sitenote_category":0,"inspiro_hide_title":false,"footnotes":""},"class_list":["post-396","page","type-page","status-publish","hentry"],"aioseo_notices":[],"_links":{"self":[{"href":"https:\/\/www.repro-auto.fr\/index.php\/wp-json\/wp\/v2\/pages\/396","targetHints":{"allow":["GET"]}}],"collection":[{"href":"https:\/\/www.repro-auto.fr\/index.php\/wp-json\/wp\/v2\/pages"}],"about":[{"href":"https:\/\/www.repro-auto.fr\/index.php\/wp-json\/wp\/v2\/types\/page"}],"author":[{"embeddable":true,"href":"https:\/\/www.repro-auto.fr\/index.php\/wp-json\/wp\/v2\/users\/1"}],"replies":[{"embeddable":true,"href":"https:\/\/www.repro-auto.fr\/index.php\/wp-json\/wp\/v2\/comments?post=396"}],"version-history":[{"count":4,"href":"https:\/\/www.repro-auto.fr\/index.php\/wp-json\/wp\/v2\/pages\/396\/revisions"}],"predecessor-version":[{"id":404,"href":"https:\/\/www.repro-auto.fr\/index.php\/wp-json\/wp\/v2\/pages\/396\/revisions\/404"}],"wp:attachment":[{"href":"https:\/\/www.repro-auto.fr\/index.php\/wp-json\/wp\/v2\/media?parent=396"}],"curies":[{"name":"wp","href":"https:\/\/api.w.org\/{rel}","templated":true}]}}