{"id":411,"date":"2025-06-12T14:22:06","date_gmt":"2025-06-12T12:22:06","guid":{"rendered":"http:\/\/www.repro-auto.fr\/?page_id=411"},"modified":"2025-06-13T09:49:59","modified_gmt":"2025-06-13T07:49:59","slug":"joints","status":"publish","type":"page","link":"https:\/\/www.repro-auto.fr\/index.php\/joints\/","title":{"rendered":"Refabrication de joints"},"content":{"rendered":"\n<div class=\"wp-block-media-text has-media-on-the-right is-stacked-on-mobile\"><div class=\"wp-block-media-text__content\">\n<p>Repro-Auto vous propose de refabriquer vos joints de carburateur de mani\u00e8re simple et rapide.<\/p>\n\n\n\n<p>Dans le cadre de notre expansion, nous vous proposons de participer avec nous \u00e0 l&rsquo;agrandissement de notre catalogue.<\/p>\n\n\n\n<p>Pour ce faire, nous vous proposons de refaire gratuitement la 1\u00e8re refabrication de vos joints de carburateur, dans le cas o\u00f9 ce dernier ne serait pas d\u00e9j\u00e0 disponible \u00e0 notre catalogue.<\/p>\n\n\n\n<div class=\"wp-block-columns is-layout-flex wp-container-core-columns-is-layout-28f84493 wp-block-columns-is-layout-flex\">\n<div class=\"wp-block-column is-layout-flow wp-block-column-is-layout-flow\" style=\"flex-basis:100%\">\n<p>Vos joints seront r\u00e9alis\u00e9s avec pr\u00e9cision, gr\u00e2ce \u00e0 une d\u00e9coupeuse laser. Tous les joints seront r\u00e9alis\u00e9s en papier \u00e0 joint satur\u00e9 en huile, garantissant ainsi des performances optimales.<\/p>\n<\/div>\n<\/div>\n\n\n\n<p>Contacter nous donc rapidement !<\/p>\n<\/div><figure class=\"wp-block-media-text__media\"><img loading=\"lazy\" decoding=\"async\" width=\"1024\" height=\"769\" src=\"http:\/\/www.repro-auto.fr\/wp-content\/uploads\/2025\/06\/PXL_20231230_112535849-1-1024x769.jpg\" alt=\"\" class=\"wp-image-434 size-full\" srcset=\"https:\/\/www.repro-auto.fr\/wp-content\/uploads\/2025\/06\/PXL_20231230_112535849-1-1024x769.jpg 1024w, https:\/\/www.repro-auto.fr\/wp-content\/uploads\/2025\/06\/PXL_20231230_112535849-1-300x225.jpg 300w, https:\/\/www.repro-auto.fr\/wp-content\/uploads\/2025\/06\/PXL_20231230_112535849-1-2000x1502.jpg 2000w\" sizes=\"auto, (max-width: 1024px) 100vw, 1024px\" \/><\/figure><\/div>\n\n\n<div class=\"wpforms-container wpforms-container-full wpforms-block wpforms-block-9001333e-e366-4583-8168-ae151ae52e08 wpforms-render-modern\" id=\"wpforms-412\"><form id=\"wpforms-form-412\" class=\"wpforms-validate wpforms-form wpforms-ajax-form\" data-formid=\"412\" method=\"post\" enctype=\"multipart\/form-data\" action=\"\/index.php\/wp-json\/wp\/v2\/pages\/411\" data-token=\"f512917e641f40ca22710aad583abd4d\" data-token-time=\"1775405736\"><noscript class=\"wpforms-error-noscript\">Veuillez activer JavaScript dans votre navigateur pour remplir ce formulaire.<\/noscript><div id=\"wpforms-error-noscript\" style=\"display: none;\">Veuillez activer JavaScript dans votre navigateur pour remplir ce formulaire.<\/div><div class=\"wpforms-field-container\"><div id=\"wpforms-412-field_1-container\" class=\"wpforms-field wpforms-field-text\" data-field-id=\"1\"><label class=\"wpforms-field-label\" for=\"wpforms-412-field_1\">Marque du carburateur <span class=\"wpforms-required-label\" aria-hidden=\"true\">*<\/span><\/label><input type=\"text\" id=\"wpforms-412-field_1\" class=\"wpforms-field-medium wpforms-field-required\" name=\"wpforms[fields][1]\" placeholder=\"Pierburg\" aria-errormessage=\"wpforms-412-field_1-error\" required><\/div><div id=\"wpforms-412-field_2-container\" class=\"wpforms-field wpforms-field-text\" data-field-id=\"2\"><label class=\"wpforms-field-label\" for=\"wpforms-412-field_2\">Mod\u00e8le du carburateur <span class=\"wpforms-required-label\" aria-hidden=\"true\">*<\/span><\/label><input type=\"text\" id=\"wpforms-412-field_2\" class=\"wpforms-field-medium wpforms-field-required\" name=\"wpforms[fields][2]\" placeholder=\"2B5\" aria-errormessage=\"wpforms-412-field_2-error\" required><\/div><div id=\"wpforms-412-field_3-container\" class=\"wpforms-field wpforms-field-text\" data-field-id=\"3\"><label class=\"wpforms-field-label\" for=\"wpforms-412-field_3\">Marque de la voiture <span class=\"wpforms-required-label\" aria-hidden=\"true\">*<\/span><\/label><input type=\"text\" id=\"wpforms-412-field_3\" class=\"wpforms-field-medium wpforms-field-required\" name=\"wpforms[fields][3]\" placeholder=\"Audi\" aria-errormessage=\"wpforms-412-field_3-error\" required><\/div><div id=\"wpforms-412-field_4-container\" class=\"wpforms-field wpforms-field-text\" data-field-id=\"4\"><label class=\"wpforms-field-label\" for=\"wpforms-412-field_4\">Mod\u00e8le de la voiture <span class=\"wpforms-required-label\" aria-hidden=\"true\">*<\/span><\/label><input type=\"text\" id=\"wpforms-412-field_4\" class=\"wpforms-field-medium wpforms-field-required\" name=\"wpforms[fields][4]\" placeholder=\"100 C2 5S\" aria-errormessage=\"wpforms-412-field_4-error\" required><\/div>\t\t<div id=\"wpforms-412-field_5-container\"\n\t\t\tclass=\"wpforms-field wpforms-field-text\"\n\t\t\tdata-field-type=\"text\"\n\t\t\tdata-field-id=\"5\"\n\t\t\t>\n\t\t\t<label class=\"wpforms-field-label\" for=\"wpforms-412-field_5\" >suppl\u00e9mentaires voiture du<\/label>\n\t\t\t<input type=\"text\" id=\"wpforms-412-field_5\" class=\"wpforms-field-medium\" name=\"wpforms[fields][5]\" >\n\t\t<\/div>\n\t\t<div id=\"wpforms-412-field_11-container\" class=\"wpforms-field wpforms-field-number\" data-field-id=\"11\"><label class=\"wpforms-field-label\" for=\"wpforms-412-field_11\">Ann\u00e9e <span class=\"wpforms-required-label\" aria-hidden=\"true\">*<\/span><\/label><input type=\"number\" id=\"wpforms-412-field_11\" class=\"wpforms-field-medium wpforms-field-required\" name=\"wpforms[fields][11]\" placeholder=\"1980\" step=\"any\" aria-errormessage=\"wpforms-412-field_11-error\" required><\/div><div id=\"wpforms-412-field_10-container\" class=\"wpforms-field wpforms-field-text\" data-field-id=\"10\"><label class=\"wpforms-field-label\" for=\"wpforms-412-field_10\">Type de moteur<\/label><input type=\"text\" id=\"wpforms-412-field_10\" class=\"wpforms-field-medium\" name=\"wpforms[fields][10]\" placeholder=\"Moteur WB 5 cylindres\" aria-errormessage=\"wpforms-412-field_10-error\" ><\/div><div id=\"wpforms-412-field_6-container\" class=\"wpforms-field wpforms-field-textarea\" data-field-id=\"6\"><label class=\"wpforms-field-label\" for=\"wpforms-412-field_6\">Informations suppl\u00e9mentaires <span class=\"wpforms-required-label\" aria-hidden=\"true\">*<\/span><\/label><textarea id=\"wpforms-412-field_6\" class=\"wpforms-field-medium wpforms-field-required\" name=\"wpforms[fields][6]\" placeholder=\"1 joint de cuve, 2 joints d&#039;embase, 1 joint de starter, etc...\" aria-errormessage=\"wpforms-412-field_6-error\" required><\/textarea><\/div><div id=\"wpforms-412-field_12-container\" class=\"wpforms-field wpforms-field-name\" data-field-id=\"12\"><fieldset><legend class=\"wpforms-field-label\">Nom <span class=\"wpforms-required-label\" aria-hidden=\"true\">*<\/span><\/legend><div class=\"wpforms-field-row wpforms-field-medium\"><div class=\"wpforms-field-row-block wpforms-first wpforms-one-half\"><input type=\"text\" id=\"wpforms-412-field_12\" class=\"wpforms-field-name-first wpforms-field-required\" name=\"wpforms[fields][12][first]\" aria-errormessage=\"wpforms-412-field_12-error\" required><label for=\"wpforms-412-field_12\" class=\"wpforms-field-sublabel after\">Pr\u00e9nom<\/label><\/div><div class=\"wpforms-field-row-block wpforms-one-half\"><input type=\"text\" id=\"wpforms-412-field_12-last\" class=\"wpforms-field-name-last wpforms-field-required\" name=\"wpforms[fields][12][last]\" aria-errormessage=\"wpforms-412-field_12-last-error\" required><label for=\"wpforms-412-field_12-last\" class=\"wpforms-field-sublabel after\">Nom<\/label><\/div><\/div><\/fieldset><\/div><div id=\"wpforms-412-field_8-container\" class=\"wpforms-field wpforms-field-email\" data-field-id=\"8\"><label class=\"wpforms-field-label\" for=\"wpforms-412-field_8\">Adresse e-mail pour le suivi <span class=\"wpforms-required-label\" aria-hidden=\"true\">*<\/span><\/label><input type=\"email\" id=\"wpforms-412-field_8\" class=\"wpforms-field-medium wpforms-field-required\" name=\"wpforms[fields][8]\" spellcheck=\"false\" aria-errormessage=\"wpforms-412-field_8-error\" required><\/div><script>\n\t\t\t\t( function() {\n\t\t\t\t\tconst style = document.createElement( 'style' );\n\t\t\t\t\tstyle.appendChild( document.createTextNode( '#wpforms-412-field_5-container { position: absolute !important; overflow: hidden !important; display: inline !important; height: 1px !important; width: 1px !important; z-index: -1000 !important; padding: 0 !important; } #wpforms-412-field_5-container input { visibility: hidden; } #wpforms-conversational-form-page #wpforms-412-field_5-container label { counter-increment: none; }' ) );\n\t\t\t\t\tdocument.head.appendChild( style );\n\t\t\t\t\tdocument.currentScript?.remove();\n\t\t\t\t} )();\n\t\t\t<\/script><\/div><!-- .wpforms-field-container --><div class=\"wpforms-submit-container\" ><input type=\"hidden\" name=\"wpforms[id]\" value=\"412\"><input type=\"hidden\" name=\"page_title\" value=\"\"><input type=\"hidden\" name=\"page_url\" value=\"https:\/\/www.repro-auto.fr\/index.php\/wp-json\/wp\/v2\/pages\/411\"><input type=\"hidden\" name=\"url_referer\" value=\"\"><button type=\"submit\" name=\"wpforms[submit]\" id=\"wpforms-submit-412\" class=\"wpforms-submit\" data-alt-text=\"Envoi...\" data-submit-text=\"Soumettre\" aria-live=\"assertive\" value=\"wpforms-submit\">Soumettre<\/button><img loading=\"lazy\" decoding=\"async\" src=\"https:\/\/www.repro-auto.fr\/wp-content\/plugins\/wpforms-lite\/assets\/images\/submit-spin.svg\" class=\"wpforms-submit-spinner\" style=\"display: none;\" width=\"26\" height=\"26\" alt=\"Chargement en cours\"><\/div><\/form><\/div>  <!-- .wpforms-container -->\n\n\n<p><\/p>\n","protected":false},"excerpt":{"rendered":"","protected":false},"author":1,"featured_media":0,"parent":0,"menu_order":0,"comment_status":"closed","ping_status":"closed","template":"","meta":{"googlesitekit_rrm_CAow_9C-DA:productID":"","om_disable_all_campaigns":false,"_monsterinsights_skip_tracking":false,"_monsterinsights_sitenote_active":false,"_monsterinsights_sitenote_note":"","_monsterinsights_sitenote_category":0,"inspiro_hide_title":false,"footnotes":""},"class_list":["post-411","page","type-page","status-publish","hentry"],"aioseo_notices":[],"_links":{"self":[{"href":"https:\/\/www.repro-auto.fr\/index.php\/wp-json\/wp\/v2\/pages\/411","targetHints":{"allow":["GET"]}}],"collection":[{"href":"https:\/\/www.repro-auto.fr\/index.php\/wp-json\/wp\/v2\/pages"}],"about":[{"href":"https:\/\/www.repro-auto.fr\/index.php\/wp-json\/wp\/v2\/types\/page"}],"author":[{"embeddable":true,"href":"https:\/\/www.repro-auto.fr\/index.php\/wp-json\/wp\/v2\/users\/1"}],"replies":[{"embeddable":true,"href":"https:\/\/www.repro-auto.fr\/index.php\/wp-json\/wp\/v2\/comments?post=411"}],"version-history":[{"count":2,"href":"https:\/\/www.repro-auto.fr\/index.php\/wp-json\/wp\/v2\/pages\/411\/revisions"}],"predecessor-version":[{"id":435,"href":"https:\/\/www.repro-auto.fr\/index.php\/wp-json\/wp\/v2\/pages\/411\/revisions\/435"}],"wp:attachment":[{"href":"https:\/\/www.repro-auto.fr\/index.php\/wp-json\/wp\/v2\/media?parent=411"}],"curies":[{"name":"wp","href":"https:\/\/api.w.org\/{rel}","templated":true}]}}