{"id":422,"date":"2025-06-12T16:19:23","date_gmt":"2025-06-12T14:19:23","guid":{"rendered":"http:\/\/www.repro-auto.fr\/?page_id=422"},"modified":"2025-06-12T16:19:23","modified_gmt":"2025-06-12T14:19:23","slug":"conditions-generales-de-vente","status":"publish","type":"page","link":"https:\/\/www.repro-auto.fr\/index.php\/conditions-generales-de-vente\/","title":{"rendered":"Conditions g\u00e9n\u00e9rales de vente"},"content":{"rendered":"\n<p><strong>Conditions G\u00e9n\u00e9rales de vente du site www.repro-auto.com<\/strong><\/p>\n\n\n\n<p>Tout internaute navigant sur le site \u2033www.repro-auto.com\u2033 est r\u00e9put\u00e9 avoir pris connaissance, au moment de sa consultation et de son utilisation, des pr\u00e9sentes Conditions G\u00e9n\u00e9rales de Vente, et d\u00e9clare les accepter sans r\u00e9serve.<\/p>\n\n\n\n<p>Les pr\u00e9sentes conditions g\u00e9n\u00e9rales de vente sont modifiables \u00e0 tout moment sans pr\u00e9avis. Elles s\u2019appliquent \u00e0 toutes les ventes conclues en ligne par le biais du site Internet&nbsp;<a href=\"http:\/\/www.repro-auto.com\/\">www.repro-auto.com<\/a>.<\/p>\n\n\n\n<h2 class=\"wp-block-heading\" id=\"table_of_content_heading_1_2\"><strong>1. Les prix<\/strong><\/h2>\n\n\n\n<p>Les prix indiqu\u00e9s sur le site sont en Euro, r\u00e9put\u00e9s nets, et hors frais de port. Ils sont modifiables \u00e0 tout moment sans pr\u00e9avis, sachant que les articles seront factur\u00e9s sur la base en vigueur \u00e0 l\u2019enregistrement de la commande.<\/p>\n\n\n\n<p>Le prix est payable en totalit\u00e9 et en un seul versement \u00e0 la commande. Toutes les commandes sont factur\u00e9es et payables en Euro uniquement.<\/p>\n\n\n\n<p>Pour toute livraison ext\u00e9rieure \u00e0 la France M\u00e9tropolitaine, les \u00e9ventuels frais de douanes ou taxes locales restent \u00e0 la charge du destinataire.<\/p>\n\n\n\n<h2 class=\"wp-block-heading\" id=\"table_of_content_heading_1_3\"><strong>2. Les moyens de paiement<\/strong><\/h2>\n\n\n\n<p>Le site www.repro-auto.com met \u00e0 la disposition des internautes plusieurs moyens de paiement, afin que l\u2019internaute puisse utiliser le plus adapt\u00e9 \u00e0 sa situation. Chaque moyen de paiement propos\u00e9 est r\u00e9put\u00e9 fiable et s\u00e9curis\u00e9 :<\/p>\n\n\n\n<p>\u2013 Paiement par Carte Bleue, via la plateforme Stripe. Il s\u2019agit d\u2019un paiement s\u00e9curis\u00e9 et crypt\u00e9 (protocoles SSL et HTTPS)<\/p>\n\n\n\n<p>\u2013 Paiement via Paypal. Il s\u2019agit \u00e9galement d\u2019un paiement s\u00e9curis\u00e9.<\/p>\n\n\n\n<p>\u2013 Paiement par virement<\/p>\n\n\n\n<p>\u2013Paiement via Apple Pay ou Google Pay<\/p>\n\n\n\n<h2 class=\"wp-block-heading\" id=\"table_of_content_heading_1_4\"><strong>3. Frais de port<\/strong><\/h2>\n\n\n\n<p>Les frais de port ajout\u00e9s aux prix des articles repr\u00e9sentent une participation aux frais de pr\u00e9paration et d\u2019emballage ainsi que les co\u00fbts d\u2019affranchissement.<\/p>\n\n\n\n<p>Leur montant d\u00e9pend des articles command\u00e9s, et sont affich\u00e9s sur le site, au moment de la passation de commande.<\/p>\n\n\n\n<p>En cas d\u2019envoi \u00e0 l\u2019\u00e9tranger, les frais de port seront calcul\u00e9s au cas par cas et communiqu\u00e9s \u00e0 l\u2019internaute.<\/p>\n\n\n\n<p>En cas d\u2019erreur dans la saisie de l\u2019adresse ou du Pays, Repro-auto.com ne peut pas \u00eatre tenu responsable du non-acheminement du colis.<\/p>\n\n\n\n<h2 class=\"wp-block-heading\" id=\"table_of_content_heading_1_5\"><strong>4. D\u00e9lais de Livraison<\/strong><\/h2>\n\n\n\n<p>Repro-Auto.com attache une attention particuli\u00e8re \u00e0 r\u00e9pondre aux commandes le plus rapidement possible. Le d\u00e9lai de livraison comprend le temps de pr\u00e9paration du colis ainsi que le temps d\u2019acheminement.<\/p>\n\n\n\n<p>Le d\u00e9lai moyen constat\u00e9 est de 5 jours pour la France, mais il ne constitue en aucun cas un engagement de la part de&nbsp;<a href=\"http:\/\/repro-auto.com\/\">Repro-Auto.com<\/a>.<\/p>\n\n\n\n<h2 class=\"wp-block-heading\" id=\"table_of_content_heading_1_6\"><strong>5. Documents et Garanties<\/strong><\/h2>\n\n\n\n<p>Les articles vendus sur le site Repro-Auto.com sont par d\u00e9faut des reproductions de pi\u00e8ces originales.<\/p>\n\n\n\n<p>En cas de vente de pi\u00e8ces originales, une mention pr\u00e9cise \u00ab original \u00bb sur la fiche du produit concern\u00e9. Dans ce cas, la pi\u00e8ce est vendu en l\u2019\u00e9tat.<\/p>\n\n\n\n<p>En cas d\u2019article d\u00e9fectueux ou non conforme \u00e0 la commande, merci de nous retourner l\u2019article dans les 14 jours suivant sa r\u00e9ception. Repro-Auto.com s\u2019engage dans ce cas \u00e0 vous l\u2019\u00e9changer ou \u00e0 vous cr\u00e9diter d\u2019un avoir sur toute nouvelle commande.<\/p>\n\n\n\n<p>En cas de demande de remboursement, un avoir du montant de la commande r\u00e9alis\u00e9e (minor\u00e9e des frais de port) sera port\u00e9 \u00e0 votre cr\u00e9dit. Il vous permettra de r\u00e9aliser toute nouvelle commande sur le site, dans une dur\u00e9e d\u2019un an \u00e0 compter de votre commande initiale.<\/p>\n\n\n\n<p>Aucun envoi en contre-remboursement ne sera accept\u00e9, quel qu\u2019en soit le motif.<\/p>\n\n\n\n<p>Dans le cas d\u2019une erreur de votre part (mauvais choix de documents, doublons), les frais de port ne seront pas rembours\u00e9s (envoi et retour).<\/p>\n\n\n\n<h2 class=\"wp-block-heading\" id=\"table_of_content_heading_1_7\"><strong>6. Transfert de propri\u00e9t\u00e9 et transfert de risques<\/strong><\/h2>\n\n\n\n<p>Le transfert de propri\u00e9t\u00e9 des documents au profit de l\u2019acqu\u00e9reur, ne sera r\u00e9alis\u00e9 qu\u2019apr\u00e8s paiement complet du prix par ce dernier, et ce quelle que soit la date de livraison desdits produits.<\/p>\n\n\n\n<p>En revanche, le transfert des risques de perte et de d\u00e9t\u00e9rioration des produits sera r\u00e9alis\u00e9 d\u00e8s livraison et r\u00e9ception desdits produits par l\u2019acqu\u00e9reur.<\/p>\n\n\n\n<h2 class=\"wp-block-heading\" id=\"table_of_content_heading_1_8\"><strong>7. Gestion des donn\u00e9es personnelles<\/strong><\/h2>\n\n\n\n<p>Repro-Auto.com traite toutes les informations vous concernant avec la plus stricte confidentialit\u00e9. Lors de vos achats, nous ne vous demandons que les informations indispensables (nom, pr\u00e9nom, adresse, e-mail) pour un traitement de qualit\u00e9 et un suivi attentif de votre commande.<\/p>\n\n\n\n<p>Conform\u00e9ment \u00e0 la loi Informatique et Libert\u00e9s du 6 janvier 1978, vous disposez d\u2019un droit d\u2019acc\u00e8s et de rectification des donn\u00e9es vous concernant. Merci d\u2019utiliser le formulaire de contact pour toute demande concernant vos donn\u00e9es personnelles.<\/p>\n\n\n\n<h2 class=\"wp-block-heading\" id=\"table_of_content_heading_1_9\"><strong>8. Responsabilit\u00e9<\/strong><\/h2>\n\n\n\n<p>Repro-Auto.com n\u2019est pas responsable du contenu des documents mis en ligne et ne pourra voir sa responsabilit\u00e9 engag\u00e9e \u00e0 l\u2019\u00e9gard de l\u2019acheteur.<\/p>\n\n\n\n<p>Les produits propos\u00e9s r\u00e9pondent \u00e0 la l\u00e9gislation fran\u00e7aise en vigueur. Repro-Auto.com d\u00e9cline toute responsabilit\u00e9 si l\u2019article livr\u00e9 ne respecte pas la l\u00e9gislation du pays de livraison (censure, interdiction d\u2019un titre ou d\u2019un auteur\u2026).<\/p>\n\n\n\n<h2 class=\"wp-block-heading\" id=\"table_of_content_heading_1_10\"><strong>9. Droit applicable<\/strong><\/h2>\n\n\n\n<p>Les pr\u00e9sentes conditions g\u00e9n\u00e9rales de ventes, ainsi que toutes les op\u00e9rations d\u2019achat et de vente qui y sont vis\u00e9es, sont soumises au droit fran\u00e7ais. Les Tribunaux seront ceux du ressort de \u00c9VRY (91), tribunaux du si\u00e8ge social de la soci\u00e9t\u00e9 Repro-Auto o\u00f9 est form\u00e9 le contrat entre les parties.<\/p>\n","protected":false},"excerpt":{"rendered":"<p>Conditions G\u00e9n\u00e9rales de vente du site www.repro-auto.com Tout internaute navigant sur le site \u2033www.repro-auto.com\u2033 est r\u00e9put\u00e9 avoir pris connaissance, au moment de sa consultation et de son utilisation, des pr\u00e9sentes Conditions G\u00e9n\u00e9rales de Vente, et d\u00e9clare les accepter sans r\u00e9serve. Les pr\u00e9sentes conditions g\u00e9n\u00e9rales de vente sont modifiables \u00e0 tout moment sans pr\u00e9avis. Elles s\u2019appliquent &hellip; <\/p>\n<p class=\"link-more\"><a href=\"https:\/\/www.repro-auto.fr\/index.php\/conditions-generales-de-vente\/\" class=\"more-link\">Lire la suite de<span class=\"screen-reader-text\">\u00ab\u00a0Conditions g\u00e9n\u00e9rales de vente\u00a0\u00bb<\/span><\/a><\/p>\n","protected":false},"author":1,"featured_media":0,"parent":0,"menu_order":0,"comment_status":"closed","ping_status":"closed","template":"","meta":{"googlesitekit_rrm_CAow_9C-DA:productID":"","om_disable_all_campaigns":false,"_monsterinsights_skip_tracking":false,"_monsterinsights_sitenote_active":false,"_monsterinsights_sitenote_note":"","_monsterinsights_sitenote_category":0,"inspiro_hide_title":false,"footnotes":""},"class_list":["post-422","page","type-page","status-publish","hentry"],"aioseo_notices":[],"_links":{"self":[{"href":"https:\/\/www.repro-auto.fr\/index.php\/wp-json\/wp\/v2\/pages\/422","targetHints":{"allow":["GET"]}}],"collection":[{"href":"https:\/\/www.repro-auto.fr\/index.php\/wp-json\/wp\/v2\/pages"}],"about":[{"href":"https:\/\/www.repro-auto.fr\/index.php\/wp-json\/wp\/v2\/types\/page"}],"author":[{"embeddable":true,"href":"https:\/\/www.repro-auto.fr\/index.php\/wp-json\/wp\/v2\/users\/1"}],"replies":[{"embeddable":true,"href":"https:\/\/www.repro-auto.fr\/index.php\/wp-json\/wp\/v2\/comments?post=422"}],"version-history":[{"count":1,"href":"https:\/\/www.repro-auto.fr\/index.php\/wp-json\/wp\/v2\/pages\/422\/revisions"}],"predecessor-version":[{"id":423,"href":"https:\/\/www.repro-auto.fr\/index.php\/wp-json\/wp\/v2\/pages\/422\/revisions\/423"}],"wp:attachment":[{"href":"https:\/\/www.repro-auto.fr\/index.php\/wp-json\/wp\/v2\/media?parent=422"}],"curies":[{"name":"wp","href":"https:\/\/api.w.org\/{rel}","templated":true}]}}