{"id":143,"date":"2025-06-11T10:33:52","date_gmt":"2025-06-11T08:33:52","guid":{"rendered":"http:\/\/www.repro-auto.fr\/index.php\/produit\/joint-de-cuve-pierburg-2b5\/"},"modified":"2025-06-24T21:35:44","modified_gmt":"2025-06-24T19:35:44","slug":"joint-de-cuve-pierburg-2b5","status":"publish","type":"product","link":"https:\/\/www.repro-auto.fr\/index.php\/produit\/joint-de-cuve-pierburg-2b5\/","title":{"rendered":"Joint de cuve &#8211; Pierburg 2B5"},"content":{"rendered":"<p>Joint de cuve pour carburateur Pierburg 2B5.<\/p>\n<p>Attention !! Les joints 2B2 &#8211; 2B3 et 2B5 peuvent \u00eatre identique. Il se peut donc que le joint de votre 2B5 soit r\u00e9pertori\u00e9 dans notre base de donn\u00e9e comme \u00e9tant un 2B2.<\/p>\n<p>Quantit\u00e9 : 1 joint de cuve<\/p>\n<p>Mati\u00e8re : papier \u00e0 joint ou nitrile (joint de cuve uniquement ) Le nitrile est une mati\u00e8re plastique plus durable que le papier, mais surtout r\u00e9utilisable !<\/p>\n<p>Compatibilit\u00e9 : Carburateur Pierburg 2B2, 2B3, 2B5<\/p>\n<p>R\u00e9f\u00e9rence : RA-CAPI-0001-CUV-S<\/p>\n<p>R\u00e9f\u00e9rence OEM : 40124200<\/p>\n","protected":false},"excerpt":{"rendered":"<p>Joint de cuve pour carburateur Pierburg 2B5. Attention !! Les joints 2B2 &#8211; 2B3 et 2B5 peuvent \u00eatre identique. Il se peut donc que le joint de votre 2B5 soit r\u00e9pertori\u00e9 dans notre base de donn\u00e9e comme \u00e9tant un 2B2. Quantit\u00e9 : 1 joint de cuve Mati\u00e8re : papier \u00e0 joint ou nitrile (joint de &hellip; <\/p>\n<p class=\"link-more\"><a href=\"https:\/\/www.repro-auto.fr\/index.php\/produit\/joint-de-cuve-pierburg-2b5\/\" class=\"more-link\">Lire la suite de<span class=\"screen-reader-text\">\u00ab\u00a0Joint de cuve &#8211; Pierburg 2B5\u00a0\u00bb<\/span><\/a><\/p>\n","protected":false},"featured_media":855,"comment_status":"open","ping_status":"closed","template":"","meta":{"googlesitekit_rrm_CAow_9C-DA:productID":"","om_disable_all_campaigns":false,"_monsterinsights_skip_tracking":false,"_monsterinsights_sitenote_active":false,"_monsterinsights_sitenote_note":"","_monsterinsights_sitenote_category":0},"product_brand":[28],"product_cat":[112,162,82,80,127,88,86,161],"product_tag":[],"class_list":{"0":"post-143","1":"product","2":"type-product","3":"status-publish","4":"has-post-thumbnail","6":"product_brand-repro-auto","7":"product_cat-100-c2","8":"product_cat-162","9":"product_cat-audi","10":"product_cat-carburateur","11":"product_cat-passat-b2","12":"product_cat-pierburg","13":"product_cat-volkswagen","14":"product_cat-volvo","15":"product_shipping_class-joint","17":"first","18":"instock","19":"taxable","20":"shipping-taxable","21":"purchasable","22":"product-type-variable"},"aioseo_notices":[],"_links":{"self":[{"href":"https:\/\/www.repro-auto.fr\/index.php\/wp-json\/wp\/v2\/product\/143","targetHints":{"allow":["GET"]}}],"collection":[{"href":"https:\/\/www.repro-auto.fr\/index.php\/wp-json\/wp\/v2\/product"}],"about":[{"href":"https:\/\/www.repro-auto.fr\/index.php\/wp-json\/wp\/v2\/types\/product"}],"replies":[{"embeddable":true,"href":"https:\/\/www.repro-auto.fr\/index.php\/wp-json\/wp\/v2\/comments?post=143"}],"wp:featuredmedia":[{"embeddable":true,"href":"https:\/\/www.repro-auto.fr\/index.php\/wp-json\/wp\/v2\/media\/855"}],"wp:attachment":[{"href":"https:\/\/www.repro-auto.fr\/index.php\/wp-json\/wp\/v2\/media?parent=143"}],"wp:term":[{"taxonomy":"product_brand","embeddable":true,"href":"https:\/\/www.repro-auto.fr\/index.php\/wp-json\/wp\/v2\/product_brand?post=143"},{"taxonomy":"product_cat","embeddable":true,"href":"https:\/\/www.repro-auto.fr\/index.php\/wp-json\/wp\/v2\/product_cat?post=143"},{"taxonomy":"product_tag","embeddable":true,"href":"https:\/\/www.repro-auto.fr\/index.php\/wp-json\/wp\/v2\/product_tag?post=143"}],"curies":[{"name":"wp","href":"https:\/\/api.w.org\/{rel}","templated":true}]}}