{"id":147,"date":"2025-06-11T10:33:54","date_gmt":"2025-06-11T08:33:54","guid":{"rendered":"http:\/\/www.repro-auto.fr\/index.php\/produit\/joint-de-cuve-pierburg-34-34-2b4\/"},"modified":"2025-06-24T21:33:01","modified_gmt":"2025-06-24T19:33:01","slug":"joint-de-cuve-pierburg-34-34-2b4","status":"publish","type":"product","link":"https:\/\/www.repro-auto.fr\/index.php\/produit\/joint-de-cuve-pierburg-34-34-2b4\/","title":{"rendered":"Joint de cuve &#8211; Pierburg 34\/34 2B4"},"content":{"rendered":"<p>Joint de cuve pour carburateur Pierburg 34\/34 2B4<\/p>\n<p>Quantit\u00e9 : 1 cuve uniquement<\/p>\n<p>Mati\u00e8re : papier \u00e0 joint ou nitrile. Le nitrile est une mati\u00e8re plastique plus durable que le papier, mais surtout r\u00e9utilisable !<\/p>\n<p>Compatibilit\u00e9 : Carburateur Pierburg 34\/34 2B4 \u2013 BMW E21\/2 316 1766cc (1981-1983) \u2013 E12 518 1766cc (1981) \u2013 E28 518 1766cc (1981-1984)<\/p>\n<p>R\u00e9f\u00e9rence : RA-CAPI-0002-CUV-S<\/p>\n","protected":false},"excerpt":{"rendered":"<p>Joint de cuve pour carburateur Pierburg 34\/34 2B4 Quantit\u00e9 : 1 cuve uniquement Mati\u00e8re : papier \u00e0 joint ou nitrile. Le nitrile est une mati\u00e8re plastique plus durable que le papier, mais surtout r\u00e9utilisable ! Compatibilit\u00e9 : Carburateur Pierburg 34\/34 2B4 \u2013 BMW E21\/2 316 1766cc (1981-1983) \u2013 E12 518 1766cc (1981) \u2013 E28 518 &hellip; <\/p>\n<p class=\"link-more\"><a href=\"https:\/\/www.repro-auto.fr\/index.php\/produit\/joint-de-cuve-pierburg-34-34-2b4\/\" class=\"more-link\">Lire la suite de<span class=\"screen-reader-text\">\u00ab\u00a0Joint de cuve &#8211; Pierburg 34\/34 2B4\u00a0\u00bb<\/span><\/a><\/p>\n","protected":false},"featured_media":849,"comment_status":"open","ping_status":"closed","template":"","meta":{"googlesitekit_rrm_CAow_9C-DA:productID":"","om_disable_all_campaigns":false,"_monsterinsights_skip_tracking":false,"_monsterinsights_sitenote_active":false,"_monsterinsights_sitenote_note":"","_monsterinsights_sitenote_category":0},"product_brand":[28],"product_cat":[122,80,124,123,125,88],"product_tag":[],"class_list":{"0":"post-147","1":"product","2":"type-product","3":"status-publish","4":"has-post-thumbnail","6":"product_brand-repro-auto","7":"product_cat-bmw","8":"product_cat-carburateur","9":"product_cat-e12","10":"product_cat-e21","11":"product_cat-e28","12":"product_cat-pierburg","13":"product_shipping_class-joint","15":"first","16":"instock","17":"taxable","18":"shipping-taxable","19":"purchasable","20":"product-type-variable"},"aioseo_notices":[],"_links":{"self":[{"href":"https:\/\/www.repro-auto.fr\/index.php\/wp-json\/wp\/v2\/product\/147","targetHints":{"allow":["GET"]}}],"collection":[{"href":"https:\/\/www.repro-auto.fr\/index.php\/wp-json\/wp\/v2\/product"}],"about":[{"href":"https:\/\/www.repro-auto.fr\/index.php\/wp-json\/wp\/v2\/types\/product"}],"replies":[{"embeddable":true,"href":"https:\/\/www.repro-auto.fr\/index.php\/wp-json\/wp\/v2\/comments?post=147"}],"wp:featuredmedia":[{"embeddable":true,"href":"https:\/\/www.repro-auto.fr\/index.php\/wp-json\/wp\/v2\/media\/849"}],"wp:attachment":[{"href":"https:\/\/www.repro-auto.fr\/index.php\/wp-json\/wp\/v2\/media?parent=147"}],"wp:term":[{"taxonomy":"product_brand","embeddable":true,"href":"https:\/\/www.repro-auto.fr\/index.php\/wp-json\/wp\/v2\/product_brand?post=147"},{"taxonomy":"product_cat","embeddable":true,"href":"https:\/\/www.repro-auto.fr\/index.php\/wp-json\/wp\/v2\/product_cat?post=147"},{"taxonomy":"product_tag","embeddable":true,"href":"https:\/\/www.repro-auto.fr\/index.php\/wp-json\/wp\/v2\/product_tag?post=147"}],"curies":[{"name":"wp","href":"https:\/\/api.w.org\/{rel}","templated":true}]}}