{"id":167,"date":"2025-06-11T10:33:58","date_gmt":"2025-06-11T08:33:58","guid":{"rendered":"http:\/\/www.repro-auto.fr\/index.php\/produit\/joint-de-cuve-solex-32-seia-32-eisa-4\/"},"modified":"2025-06-24T21:12:39","modified_gmt":"2025-06-24T19:12:39","slug":"joint-de-cuve-solex-32-seia-32-eisa-4","status":"publish","type":"product","link":"https:\/\/www.repro-auto.fr\/index.php\/produit\/joint-de-cuve-solex-32-seia-32-eisa-4\/","title":{"rendered":"Joint de cuve &#8211; Solex 32 SEIA &#8211; 32 EISA 4"},"content":{"rendered":"<p>Joint de cuve\u00a0pour carburateur Solex 32 SEIA \u2013 32 EISA 4<\/p>\n<p>Quantit\u00e9 : 1 joint de cuve<\/p>\n<p>Mati\u00e8re : papier \u00e0 joint ou nitrile<\/p>\n<p>Compatibilit\u00e9 : Carburateur Solex 32 SEIA \u2013 32 EISA 4<\/p>\n<p>R\u00e9f\u00e9rence : RA-CASO-0004-CUV-S<\/p>\n","protected":false},"excerpt":{"rendered":"<p>Joint de cuve\u00a0pour carburateur Solex 32 SEIA \u2013 32 EISA 4 Quantit\u00e9 : 1 joint de cuve Mati\u00e8re : papier \u00e0 joint ou nitrile Compatibilit\u00e9 : Carburateur Solex 32 SEIA \u2013 32 EISA 4 R\u00e9f\u00e9rence : RA-CASO-0004-CUV-S<\/p>\n","protected":false},"featured_media":804,"comment_status":"open","ping_status":"closed","template":"","meta":{"googlesitekit_rrm_CAow_9C-DA:productID":"","om_disable_all_campaigns":false,"_monsterinsights_skip_tracking":false,"_monsterinsights_sitenote_active":false,"_monsterinsights_sitenote_note":"","_monsterinsights_sitenote_category":0},"product_brand":[28],"product_cat":[92,80,95,81,89],"product_tag":[],"class_list":{"0":"post-167","1":"product","2":"type-product","3":"status-publish","4":"has-post-thumbnail","6":"product_brand-repro-auto","7":"product_cat-4l","8":"product_cat-carburateur","9":"product_cat-r6","10":"product_cat-renault","11":"product_cat-solex","13":"first","14":"instock","15":"taxable","16":"shipping-taxable","17":"purchasable","18":"product-type-variable"},"aioseo_notices":[],"_links":{"self":[{"href":"https:\/\/www.repro-auto.fr\/index.php\/wp-json\/wp\/v2\/product\/167","targetHints":{"allow":["GET"]}}],"collection":[{"href":"https:\/\/www.repro-auto.fr\/index.php\/wp-json\/wp\/v2\/product"}],"about":[{"href":"https:\/\/www.repro-auto.fr\/index.php\/wp-json\/wp\/v2\/types\/product"}],"replies":[{"embeddable":true,"href":"https:\/\/www.repro-auto.fr\/index.php\/wp-json\/wp\/v2\/comments?post=167"}],"wp:featuredmedia":[{"embeddable":true,"href":"https:\/\/www.repro-auto.fr\/index.php\/wp-json\/wp\/v2\/media\/804"}],"wp:attachment":[{"href":"https:\/\/www.repro-auto.fr\/index.php\/wp-json\/wp\/v2\/media?parent=167"}],"wp:term":[{"taxonomy":"product_brand","embeddable":true,"href":"https:\/\/www.repro-auto.fr\/index.php\/wp-json\/wp\/v2\/product_brand?post=167"},{"taxonomy":"product_cat","embeddable":true,"href":"https:\/\/www.repro-auto.fr\/index.php\/wp-json\/wp\/v2\/product_cat?post=167"},{"taxonomy":"product_tag","embeddable":true,"href":"https:\/\/www.repro-auto.fr\/index.php\/wp-json\/wp\/v2\/product_tag?post=167"}],"curies":[{"name":"wp","href":"https:\/\/api.w.org\/{rel}","templated":true}]}}