{"id":170,"date":"2025-06-11T10:33:58","date_gmt":"2025-06-11T08:33:58","guid":{"rendered":"http:\/\/www.repro-auto.fr\/index.php\/produit\/joint-de-cuve-solex-32-34-z2\/"},"modified":"2025-06-24T21:06:46","modified_gmt":"2025-06-24T19:06:46","slug":"joint-de-cuve-solex-32-34-z2","status":"publish","type":"product","link":"https:\/\/www.repro-auto.fr\/index.php\/produit\/joint-de-cuve-solex-32-34-z2\/","title":{"rendered":"Joint de cuve &#8211; Solex 32\/34 Z2"},"content":{"rendered":"<p>Joint de cuve pour carburateur Solex 32\/34 Z2<\/p>\n<p>Quantit\u00e9 : 1<\/p>\n<p>Mati\u00e8re : papier ou nitrile<\/p>\n<p>Compatibilit\u00e9 : Carburateur Solex 32\/34 Z2 &#8211; Citro\u00ebn AX 14 &#8211; Peugeot 205 GT<\/p>\n<p>R\u00e9f\u00e9rence : RA-CASO-0015-CUV-S<\/p>\n","protected":false},"excerpt":{"rendered":"<p>Joint de cuve pour carburateur Solex 32\/34 Z2 Quantit\u00e9 : 1 Mati\u00e8re : papier ou nitrile Compatibilit\u00e9 : Carburateur Solex 32\/34 Z2 &#8211; Citro\u00ebn AX 14 &#8211; Peugeot 205 GT R\u00e9f\u00e9rence : RA-CASO-0015-CUV-S<\/p>\n","protected":false},"featured_media":800,"comment_status":"open","ping_status":"closed","template":"","meta":{"googlesitekit_rrm_CAow_9C-DA:productID":"","om_disable_all_campaigns":false,"_monsterinsights_skip_tracking":false,"_monsterinsights_sitenote_active":false,"_monsterinsights_sitenote_note":"","_monsterinsights_sitenote_category":0},"product_brand":[28],"product_cat":[101,149,80,87,85,89],"product_tag":[],"class_list":{"0":"post-170","1":"product","2":"type-product","3":"status-publish","4":"has-post-thumbnail","6":"product_brand-repro-auto","7":"product_cat-101","8":"product_cat-ax","9":"product_cat-carburateur","10":"product_cat-citroen","11":"product_cat-peugeot","12":"product_cat-solex","14":"first","15":"instock","16":"taxable","17":"shipping-taxable","18":"purchasable","19":"product-type-variable"},"aioseo_notices":[],"_links":{"self":[{"href":"https:\/\/www.repro-auto.fr\/index.php\/wp-json\/wp\/v2\/product\/170","targetHints":{"allow":["GET"]}}],"collection":[{"href":"https:\/\/www.repro-auto.fr\/index.php\/wp-json\/wp\/v2\/product"}],"about":[{"href":"https:\/\/www.repro-auto.fr\/index.php\/wp-json\/wp\/v2\/types\/product"}],"replies":[{"embeddable":true,"href":"https:\/\/www.repro-auto.fr\/index.php\/wp-json\/wp\/v2\/comments?post=170"}],"wp:featuredmedia":[{"embeddable":true,"href":"https:\/\/www.repro-auto.fr\/index.php\/wp-json\/wp\/v2\/media\/800"}],"wp:attachment":[{"href":"https:\/\/www.repro-auto.fr\/index.php\/wp-json\/wp\/v2\/media?parent=170"}],"wp:term":[{"taxonomy":"product_brand","embeddable":true,"href":"https:\/\/www.repro-auto.fr\/index.php\/wp-json\/wp\/v2\/product_brand?post=170"},{"taxonomy":"product_cat","embeddable":true,"href":"https:\/\/www.repro-auto.fr\/index.php\/wp-json\/wp\/v2\/product_cat?post=170"},{"taxonomy":"product_tag","embeddable":true,"href":"https:\/\/www.repro-auto.fr\/index.php\/wp-json\/wp\/v2\/product_tag?post=170"}],"curies":[{"name":"wp","href":"https:\/\/api.w.org\/{rel}","templated":true}]}}