{"id":178,"date":"2025-06-11T10:34:01","date_gmt":"2025-06-11T08:34:01","guid":{"rendered":"http:\/\/www.repro-auto.fr\/index.php\/produit\/joint-de-cuve-solex-32-35-tdid-vag\/"},"modified":"2025-06-24T20:59:08","modified_gmt":"2025-06-24T18:59:08","slug":"joint-de-cuve-solex-32-35-tdid-vag","status":"publish","type":"product","link":"https:\/\/www.repro-auto.fr\/index.php\/produit\/joint-de-cuve-solex-32-35-tdid-vag\/","title":{"rendered":"Joint de cuve &#8211; Solex 32\/35 TDID VAG"},"content":{"rendered":"<p>Joint de cuve carburateur Solex 32\/35 TDID pour voitures appartenant au groupe VAG (Audi et Volkswagen) entre 1972 et 1973<\/p>\n<p>Quantit\u00e9 : 1 joint de cuve<\/p>\n<p>Mati\u00e8re : papier \u00e0 joint ou nitrile (joint de cuve uniquement). Le nitrile est une mati\u00e8re plastique plus durable que le papier, mais surtout r\u00e9utilisable !<\/p>\n<p>Compatibilit\u00e9 : Carburateur Solex 32\/35 TDID VAG (Audi 80 B1 GL 1.5L (1972- 1973))<\/p>\n<p>R\u00e9f\u00e9rence : RA-CASO-0012-CUV-S<\/p>\n<p>&nbsp;<\/p>\n","protected":false},"excerpt":{"rendered":"<p>Joint de cuve carburateur Solex 32\/35 TDID pour voitures appartenant au groupe VAG (Audi et Volkswagen) entre 1972 et 1973 Quantit\u00e9 : 1 joint de cuve Mati\u00e8re : papier \u00e0 joint ou nitrile (joint de cuve uniquement). Le nitrile est une mati\u00e8re plastique plus durable que le papier, mais surtout r\u00e9utilisable ! Compatibilit\u00e9 : Carburateur &hellip; <\/p>\n<p class=\"link-more\"><a href=\"https:\/\/www.repro-auto.fr\/index.php\/produit\/joint-de-cuve-solex-32-35-tdid-vag\/\" class=\"more-link\">Lire la suite de<span class=\"screen-reader-text\">\u00ab\u00a0Joint de cuve &#8211; Solex 32\/35 TDID VAG\u00a0\u00bb<\/span><\/a><\/p>\n","protected":false},"featured_media":783,"comment_status":"open","ping_status":"closed","template":"","meta":{"googlesitekit_rrm_CAow_9C-DA:productID":"","om_disable_all_campaigns":false,"_monsterinsights_skip_tracking":false,"_monsterinsights_sitenote_active":false,"_monsterinsights_sitenote_note":"","_monsterinsights_sitenote_category":0},"product_brand":[28],"product_cat":[115,82,80,89],"product_tag":[],"class_list":{"0":"post-178","1":"product","2":"type-product","3":"status-publish","4":"has-post-thumbnail","6":"product_brand-repro-auto","7":"product_cat-80-b1","8":"product_cat-audi","9":"product_cat-carburateur","10":"product_cat-solex","12":"first","13":"instock","14":"taxable","15":"shipping-taxable","16":"purchasable","17":"product-type-variable"},"aioseo_notices":[],"_links":{"self":[{"href":"https:\/\/www.repro-auto.fr\/index.php\/wp-json\/wp\/v2\/product\/178","targetHints":{"allow":["GET"]}}],"collection":[{"href":"https:\/\/www.repro-auto.fr\/index.php\/wp-json\/wp\/v2\/product"}],"about":[{"href":"https:\/\/www.repro-auto.fr\/index.php\/wp-json\/wp\/v2\/types\/product"}],"replies":[{"embeddable":true,"href":"https:\/\/www.repro-auto.fr\/index.php\/wp-json\/wp\/v2\/comments?post=178"}],"wp:featuredmedia":[{"embeddable":true,"href":"https:\/\/www.repro-auto.fr\/index.php\/wp-json\/wp\/v2\/media\/783"}],"wp:attachment":[{"href":"https:\/\/www.repro-auto.fr\/index.php\/wp-json\/wp\/v2\/media?parent=178"}],"wp:term":[{"taxonomy":"product_brand","embeddable":true,"href":"https:\/\/www.repro-auto.fr\/index.php\/wp-json\/wp\/v2\/product_brand?post=178"},{"taxonomy":"product_cat","embeddable":true,"href":"https:\/\/www.repro-auto.fr\/index.php\/wp-json\/wp\/v2\/product_cat?post=178"},{"taxonomy":"product_tag","embeddable":true,"href":"https:\/\/www.repro-auto.fr\/index.php\/wp-json\/wp\/v2\/product_tag?post=178"}],"curies":[{"name":"wp","href":"https:\/\/api.w.org\/{rel}","templated":true}]}}