{"id":183,"date":"2025-06-11T10:34:02","date_gmt":"2025-06-11T08:34:02","guid":{"rendered":"http:\/\/www.repro-auto.fr\/index.php\/produit\/joint-de-cuve-weber-32-34-dmtl\/"},"modified":"2025-06-24T20:13:16","modified_gmt":"2025-06-24T18:13:16","slug":"joint-de-cuve-weber-32-34-dmtl","status":"publish","type":"product","link":"https:\/\/www.repro-auto.fr\/index.php\/produit\/joint-de-cuve-weber-32-34-dmtl\/","title":{"rendered":"Joint de cuve &#8211; Weber 32\/34 DMTL"},"content":{"rendered":"<p>Joint de cuve pour carburateur Weber 32\/34 DMTL<\/p>\n<p>Quantit\u00e9 : 1 joint de cuve<\/p>\n<p>Mati\u00e8re : papier \u00e0 joint ou nitrile (joint de cuve uniquement ). Le nitrile est une mati\u00e8re plastique plus durable que le papier, mais surtout r\u00e9utilisable !<\/p>\n<p>Compatibilit\u00e9 : Carburateur Weber 32\/34 DMTL &#8211; VW Golf Mk 1, Mk2 &#8211; Land Rover Defender 90\/110 2.5L et 2.25L (\u00e0 partir de 1983) &#8211; Audi 80 B2 moteur 1.8L<\/p>\n<p>R\u00e9f\u00e9rence : RA-CAWE-0010-CUV-S<\/p>\n","protected":false},"excerpt":{"rendered":"<p>Joint de cuve pour carburateur Weber 32\/34 DMTL Quantit\u00e9 : 1 joint de cuve Mati\u00e8re : papier \u00e0 joint ou nitrile (joint de cuve uniquement ). Le nitrile est une mati\u00e8re plastique plus durable que le papier, mais surtout r\u00e9utilisable ! Compatibilit\u00e9 : Carburateur Weber 32\/34 DMTL &#8211; VW Golf Mk 1, Mk2 &#8211; Land &hellip; <\/p>\n<p class=\"link-more\"><a href=\"https:\/\/www.repro-auto.fr\/index.php\/produit\/joint-de-cuve-weber-32-34-dmtl\/\" class=\"more-link\">Lire la suite de<span class=\"screen-reader-text\">\u00ab\u00a0Joint de cuve &#8211; Weber 32\/34 DMTL\u00a0\u00bb<\/span><\/a><\/p>\n","protected":false},"featured_media":765,"comment_status":"open","ping_status":"closed","template":"","meta":{"googlesitekit_rrm_CAow_9C-DA:productID":"","om_disable_all_campaigns":false,"_monsterinsights_skip_tracking":false,"_monsterinsights_sitenote_active":false,"_monsterinsights_sitenote_note":"","_monsterinsights_sitenote_category":0},"product_brand":[28],"product_cat":[116,82,80,148,129,126,147,86,91],"product_tag":[],"class_list":{"0":"post-183","1":"product","2":"type-product","3":"status-publish","4":"has-post-thumbnail","6":"product_brand-repro-auto","7":"product_cat-80-b2","8":"product_cat-audi","9":"product_cat-carburateur","10":"product_cat-defender","11":"product_cat-golf-mk1","12":"product_cat-golf-mk2","13":"product_cat-land-rover","14":"product_cat-volkswagen","15":"product_cat-weber","17":"first","18":"instock","19":"taxable","20":"shipping-taxable","21":"purchasable","22":"product-type-variable"},"aioseo_notices":[],"_links":{"self":[{"href":"https:\/\/www.repro-auto.fr\/index.php\/wp-json\/wp\/v2\/product\/183","targetHints":{"allow":["GET"]}}],"collection":[{"href":"https:\/\/www.repro-auto.fr\/index.php\/wp-json\/wp\/v2\/product"}],"about":[{"href":"https:\/\/www.repro-auto.fr\/index.php\/wp-json\/wp\/v2\/types\/product"}],"replies":[{"embeddable":true,"href":"https:\/\/www.repro-auto.fr\/index.php\/wp-json\/wp\/v2\/comments?post=183"}],"wp:featuredmedia":[{"embeddable":true,"href":"https:\/\/www.repro-auto.fr\/index.php\/wp-json\/wp\/v2\/media\/765"}],"wp:attachment":[{"href":"https:\/\/www.repro-auto.fr\/index.php\/wp-json\/wp\/v2\/media?parent=183"}],"wp:term":[{"taxonomy":"product_brand","embeddable":true,"href":"https:\/\/www.repro-auto.fr\/index.php\/wp-json\/wp\/v2\/product_brand?post=183"},{"taxonomy":"product_cat","embeddable":true,"href":"https:\/\/www.repro-auto.fr\/index.php\/wp-json\/wp\/v2\/product_cat?post=183"},{"taxonomy":"product_tag","embeddable":true,"href":"https:\/\/www.repro-auto.fr\/index.php\/wp-json\/wp\/v2\/product_tag?post=183"}],"curies":[{"name":"wp","href":"https:\/\/api.w.org\/{rel}","templated":true}]}}