{"id":188,"date":"2025-06-11T10:34:03","date_gmt":"2025-06-11T08:34:03","guid":{"rendered":"http:\/\/www.repro-auto.fr\/index.php\/produit\/joint-de-cuve-weber-34-dat\/"},"modified":"2025-06-24T20:10:55","modified_gmt":"2025-06-24T18:10:55","slug":"joint-de-cuve-weber-34-dat","status":"publish","type":"product","link":"https:\/\/www.repro-auto.fr\/index.php\/produit\/joint-de-cuve-weber-34-dat\/","title":{"rendered":"Joint de cuve &#8211; Weber 34 DAT"},"content":{"rendered":"<p>Joint de cuve pour carburateur Weber 34 DAT<\/p>\n<p>Quantit\u00e9 : 1 joint de cuve<\/p>\n<p>Mati\u00e8re : papier \u00e0 joint ou nitrile (joint de cuve uniquement ). Le nitrile est une mati\u00e8re plastique plus durable que le papier, mais surtout r\u00e9utilisable !<\/p>\n<p>Compatibilit\u00e9 : Carburateur Weber 34 DAT &#8211; VW Type 3 1.9L (1983-1990) &#8211; Lancia Beta 2000 (1977-1981), Lancia Delta 1600 GT (1983-1986), Lancia Prisma 1600 &#8211; Fiat 124 spider &#8211; Audi 100 C2 1.9L (1981-1984)<\/p>\n<p>R\u00e9f\u00e9rence : RA-CAWE-0011-CUV-S<\/p>\n","protected":false},"excerpt":{"rendered":"<p>Joint de cuve pour carburateur Weber 34 DAT Quantit\u00e9 : 1 joint de cuve Mati\u00e8re : papier \u00e0 joint ou nitrile (joint de cuve uniquement ). Le nitrile est une mati\u00e8re plastique plus durable que le papier, mais surtout r\u00e9utilisable ! Compatibilit\u00e9 : Carburateur Weber 34 DAT &#8211; VW Type 3 1.9L (1983-1990) &#8211; Lancia &hellip; <\/p>\n<p class=\"link-more\"><a href=\"https:\/\/www.repro-auto.fr\/index.php\/produit\/joint-de-cuve-weber-34-dat\/\" class=\"more-link\">Lire la suite de<span class=\"screen-reader-text\">\u00ab\u00a0Joint de cuve &#8211; Weber 34 DAT\u00a0\u00bb<\/span><\/a><\/p>\n","protected":false},"featured_media":765,"comment_status":"open","ping_status":"closed","template":"","meta":{"googlesitekit_rrm_CAow_9C-DA:productID":"","om_disable_all_campaigns":false,"_monsterinsights_skip_tracking":false,"_monsterinsights_sitenote_active":false,"_monsterinsights_sitenote_note":"","_monsterinsights_sitenote_category":0},"product_brand":[28],"product_cat":[112,146,82,140,80,138,145,137,139,132,86,91],"product_tag":[],"class_list":{"0":"post-188","1":"product","2":"type-product","3":"status-publish","4":"has-post-thumbnail","6":"product_brand-repro-auto","7":"product_cat-100-c2","8":"product_cat-124-spider","9":"product_cat-audi","10":"product_cat-beta","11":"product_cat-carburateur","12":"product_cat-delta","13":"product_cat-fiat","14":"product_cat-lancia","15":"product_cat-prisma","16":"product_cat-t3","17":"product_cat-volkswagen","18":"product_cat-weber","20":"first","21":"instock","22":"taxable","23":"shipping-taxable","24":"purchasable","25":"product-type-variable"},"aioseo_notices":[],"_links":{"self":[{"href":"https:\/\/www.repro-auto.fr\/index.php\/wp-json\/wp\/v2\/product\/188","targetHints":{"allow":["GET"]}}],"collection":[{"href":"https:\/\/www.repro-auto.fr\/index.php\/wp-json\/wp\/v2\/product"}],"about":[{"href":"https:\/\/www.repro-auto.fr\/index.php\/wp-json\/wp\/v2\/types\/product"}],"replies":[{"embeddable":true,"href":"https:\/\/www.repro-auto.fr\/index.php\/wp-json\/wp\/v2\/comments?post=188"}],"wp:featuredmedia":[{"embeddable":true,"href":"https:\/\/www.repro-auto.fr\/index.php\/wp-json\/wp\/v2\/media\/765"}],"wp:attachment":[{"href":"https:\/\/www.repro-auto.fr\/index.php\/wp-json\/wp\/v2\/media?parent=188"}],"wp:term":[{"taxonomy":"product_brand","embeddable":true,"href":"https:\/\/www.repro-auto.fr\/index.php\/wp-json\/wp\/v2\/product_brand?post=188"},{"taxonomy":"product_cat","embeddable":true,"href":"https:\/\/www.repro-auto.fr\/index.php\/wp-json\/wp\/v2\/product_cat?post=188"},{"taxonomy":"product_tag","embeddable":true,"href":"https:\/\/www.repro-auto.fr\/index.php\/wp-json\/wp\/v2\/product_tag?post=188"}],"curies":[{"name":"wp","href":"https:\/\/api.w.org\/{rel}","templated":true}]}}