{"id":213,"date":"2025-06-11T10:34:10","date_gmt":"2025-06-11T08:34:10","guid":{"rendered":"http:\/\/www.repro-auto.fr\/index.php\/produit\/joint-de-cuve-zenith-36-if\/"},"modified":"2025-06-23T18:32:37","modified_gmt":"2025-06-23T16:32:37","slug":"joint-de-cuve-zenith-36-if","status":"publish","type":"product","link":"https:\/\/www.repro-auto.fr\/index.php\/produit\/joint-de-cuve-zenith-36-if\/","title":{"rendered":"Joint de cuve &#8211; Zenith 36 IF"},"content":{"rendered":"<p>Joint de cuve pour carburateur Zenith 36IF<\/p>\n<p>Quantit\u00e9 : 1 joint de cuve<\/p>\n<p>Mati\u00e8re : papier \u00e0 joint ou nitrile (uniquement le joint de cuve). Le nitrile est une mati\u00e8re plastique plus durable que le papier, mais surtout r\u00e9utilisable !<\/p>\n<p>Compatibilit\u00e9 : Carburateur Zenith 36IF, Renault R16 (De Luxe\/Grand Luxe, 1969-1970)<\/p>\n<p>R\u00e9f\u00e9rence : RA-CAZE-0005-CUV-S<\/p>\n<p>&nbsp;<\/p>\n","protected":false},"excerpt":{"rendered":"<p>Joint de cuve pour carburateur Zenith 36IF Quantit\u00e9 : 1 joint de cuve Mati\u00e8re : papier \u00e0 joint ou nitrile (uniquement le joint de cuve). Le nitrile est une mati\u00e8re plastique plus durable que le papier, mais surtout r\u00e9utilisable ! Compatibilit\u00e9 : Carburateur Zenith 36IF, Renault R16 (De Luxe\/Grand Luxe, 1969-1970) R\u00e9f\u00e9rence : RA-CAZE-0005-CUV-S &nbsp;<\/p>\n","protected":false},"featured_media":555,"comment_status":"open","ping_status":"closed","template":"","meta":{"googlesitekit_rrm_CAow_9C-DA:productID":"","om_disable_all_campaigns":false,"_monsterinsights_skip_tracking":false,"_monsterinsights_sitenote_active":false,"_monsterinsights_sitenote_note":"","_monsterinsights_sitenote_category":0},"product_brand":[28],"product_cat":[80,98,81,90],"product_tag":[],"class_list":{"0":"post-213","1":"product","2":"type-product","3":"status-publish","4":"has-post-thumbnail","6":"product_brand-repro-auto","7":"product_cat-carburateur","8":"product_cat-r16","9":"product_cat-renault","10":"product_cat-zenith","12":"first","13":"instock","14":"taxable","15":"shipping-taxable","16":"purchasable","17":"product-type-variable"},"aioseo_notices":[],"_links":{"self":[{"href":"https:\/\/www.repro-auto.fr\/index.php\/wp-json\/wp\/v2\/product\/213","targetHints":{"allow":["GET"]}}],"collection":[{"href":"https:\/\/www.repro-auto.fr\/index.php\/wp-json\/wp\/v2\/product"}],"about":[{"href":"https:\/\/www.repro-auto.fr\/index.php\/wp-json\/wp\/v2\/types\/product"}],"replies":[{"embeddable":true,"href":"https:\/\/www.repro-auto.fr\/index.php\/wp-json\/wp\/v2\/comments?post=213"}],"wp:featuredmedia":[{"embeddable":true,"href":"https:\/\/www.repro-auto.fr\/index.php\/wp-json\/wp\/v2\/media\/555"}],"wp:attachment":[{"href":"https:\/\/www.repro-auto.fr\/index.php\/wp-json\/wp\/v2\/media?parent=213"}],"wp:term":[{"taxonomy":"product_brand","embeddable":true,"href":"https:\/\/www.repro-auto.fr\/index.php\/wp-json\/wp\/v2\/product_brand?post=213"},{"taxonomy":"product_cat","embeddable":true,"href":"https:\/\/www.repro-auto.fr\/index.php\/wp-json\/wp\/v2\/product_cat?post=213"},{"taxonomy":"product_tag","embeddable":true,"href":"https:\/\/www.repro-auto.fr\/index.php\/wp-json\/wp\/v2\/product_tag?post=213"}],"curies":[{"name":"wp","href":"https:\/\/api.w.org\/{rel}","templated":true}]}}