{"id":217,"date":"2025-06-11T10:34:10","date_gmt":"2025-06-11T08:34:10","guid":{"rendered":"http:\/\/www.repro-auto.fr\/index.php\/produit\/joint-de-cuve-superieur-pierburg-36-1b3\/"},"modified":"2025-06-24T20:02:48","modified_gmt":"2025-06-24T18:02:48","slug":"joint-de-cuve-superieur-pierburg-36-1b3","status":"publish","type":"product","link":"https:\/\/www.repro-auto.fr\/index.php\/produit\/joint-de-cuve-superieur-pierburg-36-1b3\/","title":{"rendered":"Joint de cuve Sup\u00e9rieur &#8211; Pierburg 36 1B3"},"content":{"rendered":"<p>Joint de cuve pour carburateur Pierburg 36 1B3<\/p>\n<p>Quantit\u00e9 : 1<\/p>\n<p>Mati\u00e8re : papier \u00e0 joint ou nitrile (joint de cuve uniquement ). Le nitrile est une mati\u00e8re plastique plus durable que le papier, mais surtout r\u00e9utilisable !<\/p>\n<p>Compatibilit\u00e9 : Carburateur Pierburg 36 1B3 &#8211; Audi 80S 1600cc (1979), 80S GL, 80S Coup\u00e9 1800 (1982), 100C (1982), 100 1800cc (1986)<\/p>\n<p>R\u00e9f\u00e9rence : RA-CAPI-0003-CUV-S<\/p>\n","protected":false},"excerpt":{"rendered":"<p>Joint de cuve pour carburateur Pierburg 36 1B3 Quantit\u00e9 : 1 Mati\u00e8re : papier \u00e0 joint ou nitrile (joint de cuve uniquement ). Le nitrile est une mati\u00e8re plastique plus durable que le papier, mais surtout r\u00e9utilisable ! Compatibilit\u00e9 : Carburateur Pierburg 36 1B3 &#8211; Audi 80S 1600cc (1979), 80S GL, 80S Coup\u00e9 1800 (1982), &hellip; <\/p>\n<p class=\"link-more\"><a href=\"https:\/\/www.repro-auto.fr\/index.php\/produit\/joint-de-cuve-superieur-pierburg-36-1b3\/\" class=\"more-link\">Lire la suite de<span class=\"screen-reader-text\">\u00ab\u00a0Joint de cuve Sup\u00e9rieur &#8211; Pierburg 36 1B3\u00a0\u00bb<\/span><\/a><\/p>\n","protected":false},"featured_media":753,"comment_status":"open","ping_status":"closed","template":"","meta":{"googlesitekit_rrm_CAow_9C-DA:productID":"","om_disable_all_campaigns":false,"_monsterinsights_skip_tracking":false,"_monsterinsights_sitenote_active":false,"_monsterinsights_sitenote_note":"","_monsterinsights_sitenote_category":0},"product_brand":[28],"product_cat":[112,114,115,116,82,80,88],"product_tag":[],"class_list":{"0":"post-217","1":"product","2":"type-product","3":"status-publish","4":"has-post-thumbnail","6":"product_brand-repro-auto","7":"product_cat-100-c2","8":"product_cat-100-c3","9":"product_cat-80-b1","10":"product_cat-80-b2","11":"product_cat-audi","12":"product_cat-carburateur","13":"product_cat-pierburg","14":"product_shipping_class-joint","16":"first","17":"instock","18":"taxable","19":"shipping-taxable","20":"purchasable","21":"product-type-variable"},"aioseo_notices":[],"_links":{"self":[{"href":"https:\/\/www.repro-auto.fr\/index.php\/wp-json\/wp\/v2\/product\/217","targetHints":{"allow":["GET"]}}],"collection":[{"href":"https:\/\/www.repro-auto.fr\/index.php\/wp-json\/wp\/v2\/product"}],"about":[{"href":"https:\/\/www.repro-auto.fr\/index.php\/wp-json\/wp\/v2\/types\/product"}],"replies":[{"embeddable":true,"href":"https:\/\/www.repro-auto.fr\/index.php\/wp-json\/wp\/v2\/comments?post=217"}],"wp:featuredmedia":[{"embeddable":true,"href":"https:\/\/www.repro-auto.fr\/index.php\/wp-json\/wp\/v2\/media\/753"}],"wp:attachment":[{"href":"https:\/\/www.repro-auto.fr\/index.php\/wp-json\/wp\/v2\/media?parent=217"}],"wp:term":[{"taxonomy":"product_brand","embeddable":true,"href":"https:\/\/www.repro-auto.fr\/index.php\/wp-json\/wp\/v2\/product_brand?post=217"},{"taxonomy":"product_cat","embeddable":true,"href":"https:\/\/www.repro-auto.fr\/index.php\/wp-json\/wp\/v2\/product_cat?post=217"},{"taxonomy":"product_tag","embeddable":true,"href":"https:\/\/www.repro-auto.fr\/index.php\/wp-json\/wp\/v2\/product_tag?post=217"}],"curies":[{"name":"wp","href":"https:\/\/api.w.org\/{rel}","templated":true}]}}