{"id":236,"date":"2025-06-11T10:34:16","date_gmt":"2025-06-11T08:34:16","guid":{"rendered":"http:\/\/www.repro-auto.fr\/index.php\/produit\/joint-de-cuve-superieur-solex-35-pdsit\/"},"modified":"2025-06-24T19:48:32","modified_gmt":"2025-06-24T17:48:32","slug":"joint-de-cuve-superieur-solex-35-pdsit","status":"publish","type":"product","link":"https:\/\/www.repro-auto.fr\/index.php\/produit\/joint-de-cuve-superieur-solex-35-pdsit\/","title":{"rendered":"Joint de cuve Sup\u00e9rieur &#8211; Solex 35 PDSIT"},"content":{"rendered":"<p>Joint de cuve sup\u00e9rieur pour\u00a0carburateur Solex 35 PDSIT mont\u00e9 sur Audi 80 B1 et B2 avec les moteurs 1.3L et 1.6L<\/p>\n<p>Quantit\u00e9 : 1 joint de cuve sup\u00e9rieur<\/p>\n<p>Mati\u00e8re : papier \u00e0 joint ou nitrile (joint de cuve uniquement). Le nitrile est une mati\u00e8re plastique plus durable que le papier, mais surtout r\u00e9utilisable !<\/p>\n<p>Compatibilit\u00e9 : Carburateur Solex 35 PDSIT, Audi 80L B1 et B2, 1.3L et 1.6L<\/p>\n<p>R\u00e9f\u00e9rence : RA-CASO-0014-CUV-S<\/p>\n","protected":false},"excerpt":{"rendered":"<p>Joint de cuve sup\u00e9rieur pour\u00a0carburateur Solex 35 PDSIT mont\u00e9 sur Audi 80 B1 et B2 avec les moteurs 1.3L et 1.6L Quantit\u00e9 : 1 joint de cuve sup\u00e9rieur Mati\u00e8re : papier \u00e0 joint ou nitrile (joint de cuve uniquement). Le nitrile est une mati\u00e8re plastique plus durable que le papier, mais surtout r\u00e9utilisable ! Compatibilit\u00e9 &hellip; <\/p>\n<p class=\"link-more\"><a href=\"https:\/\/www.repro-auto.fr\/index.php\/produit\/joint-de-cuve-superieur-solex-35-pdsit\/\" class=\"more-link\">Lire la suite de<span class=\"screen-reader-text\">\u00ab\u00a0Joint de cuve Sup\u00e9rieur &#8211; Solex 35 PDSIT\u00a0\u00bb<\/span><\/a><\/p>\n","protected":false},"featured_media":721,"comment_status":"open","ping_status":"closed","template":"","meta":{"googlesitekit_rrm_CAow_9C-DA:productID":"","om_disable_all_campaigns":false,"_monsterinsights_skip_tracking":false,"_monsterinsights_sitenote_active":false,"_monsterinsights_sitenote_note":"","_monsterinsights_sitenote_category":0},"product_brand":[28],"product_cat":[115,116,82,80,89],"product_tag":[],"class_list":{"0":"post-236","1":"product","2":"type-product","3":"status-publish","4":"has-post-thumbnail","6":"product_brand-repro-auto","7":"product_cat-80-b1","8":"product_cat-80-b2","9":"product_cat-audi","10":"product_cat-carburateur","11":"product_cat-solex","13":"first","14":"instock","15":"taxable","16":"shipping-taxable","17":"purchasable","18":"product-type-variable"},"aioseo_notices":[],"_links":{"self":[{"href":"https:\/\/www.repro-auto.fr\/index.php\/wp-json\/wp\/v2\/product\/236","targetHints":{"allow":["GET"]}}],"collection":[{"href":"https:\/\/www.repro-auto.fr\/index.php\/wp-json\/wp\/v2\/product"}],"about":[{"href":"https:\/\/www.repro-auto.fr\/index.php\/wp-json\/wp\/v2\/types\/product"}],"replies":[{"embeddable":true,"href":"https:\/\/www.repro-auto.fr\/index.php\/wp-json\/wp\/v2\/comments?post=236"}],"wp:featuredmedia":[{"embeddable":true,"href":"https:\/\/www.repro-auto.fr\/index.php\/wp-json\/wp\/v2\/media\/721"}],"wp:attachment":[{"href":"https:\/\/www.repro-auto.fr\/index.php\/wp-json\/wp\/v2\/media?parent=236"}],"wp:term":[{"taxonomy":"product_brand","embeddable":true,"href":"https:\/\/www.repro-auto.fr\/index.php\/wp-json\/wp\/v2\/product_brand?post=236"},{"taxonomy":"product_cat","embeddable":true,"href":"https:\/\/www.repro-auto.fr\/index.php\/wp-json\/wp\/v2\/product_cat?post=236"},{"taxonomy":"product_tag","embeddable":true,"href":"https:\/\/www.repro-auto.fr\/index.php\/wp-json\/wp\/v2\/product_tag?post=236"}],"curies":[{"name":"wp","href":"https:\/\/api.w.org\/{rel}","templated":true}]}}