{"id":242,"date":"2025-06-11T10:34:18","date_gmt":"2025-06-11T08:34:18","guid":{"rendered":"http:\/\/www.repro-auto.fr\/index.php\/produit\/joint-de-cuve-inferieur-weber-48-idf\/"},"modified":"2025-06-24T19:00:42","modified_gmt":"2025-06-24T17:00:42","slug":"joint-de-cuve-inferieur-weber-48-idf","status":"publish","type":"product","link":"https:\/\/www.repro-auto.fr\/index.php\/produit\/joint-de-cuve-inferieur-weber-48-idf\/","title":{"rendered":"Joint de cuve inf\u00e9rieur &#8211; Weber 48 IDF"},"content":{"rendered":"<p>Joint de cuve inf\u00e9rieur pour carburateur Weber 48 IDF<\/p>\n<p>Quantit\u00e9 : 1 joint de cuve inf\u00e9rieur<\/p>\n<p>Mati\u00e8re : papier \u00e0 joint ou nitrile (joint de cuve uniquement). Le nitrile est une mati\u00e8re plastique plus durable que le papier, mais surtout r\u00e9utilisable !<\/p>\n<p>Compatibilit\u00e9 : Carburateur Weber 48 IDF pour Volkswagen Cox et Karmann Ghia<\/p>\n<p>R\u00e9f\u00e9rence : RA-CAWE-0002-CUV-I<\/p>\n","protected":false},"excerpt":{"rendered":"<p>Joint de cuve inf\u00e9rieur pour carburateur Weber 48 IDF Quantit\u00e9 : 1 joint de cuve inf\u00e9rieur Mati\u00e8re : papier \u00e0 joint ou nitrile (joint de cuve uniquement). Le nitrile est une mati\u00e8re plastique plus durable que le papier, mais surtout r\u00e9utilisable ! Compatibilit\u00e9 : Carburateur Weber 48 IDF pour Volkswagen Cox et Karmann Ghia R\u00e9f\u00e9rence &hellip; <\/p>\n<p class=\"link-more\"><a href=\"https:\/\/www.repro-auto.fr\/index.php\/produit\/joint-de-cuve-inferieur-weber-48-idf\/\" class=\"more-link\">Lire la suite de<span class=\"screen-reader-text\">\u00ab\u00a0Joint de cuve inf\u00e9rieur &#8211; Weber 48 IDF\u00a0\u00bb<\/span><\/a><\/p>\n","protected":false},"featured_media":708,"comment_status":"open","ping_status":"closed","template":"","meta":{"googlesitekit_rrm_CAow_9C-DA:productID":"","om_disable_all_campaigns":false,"_monsterinsights_skip_tracking":false,"_monsterinsights_sitenote_active":false,"_monsterinsights_sitenote_note":"","_monsterinsights_sitenote_category":0},"product_brand":[28],"product_cat":[80,142,130,86,91],"product_tag":[],"class_list":{"0":"post-242","1":"product","2":"type-product","3":"status-publish","4":"has-post-thumbnail","6":"product_brand-repro-auto","7":"product_cat-carburateur","8":"product_cat-coccinelle","9":"product_cat-karmann-ghia","10":"product_cat-volkswagen","11":"product_cat-weber","13":"first","14":"instock","15":"taxable","16":"shipping-taxable","17":"purchasable","18":"product-type-variable"},"aioseo_notices":[],"_links":{"self":[{"href":"https:\/\/www.repro-auto.fr\/index.php\/wp-json\/wp\/v2\/product\/242","targetHints":{"allow":["GET"]}}],"collection":[{"href":"https:\/\/www.repro-auto.fr\/index.php\/wp-json\/wp\/v2\/product"}],"about":[{"href":"https:\/\/www.repro-auto.fr\/index.php\/wp-json\/wp\/v2\/types\/product"}],"replies":[{"embeddable":true,"href":"https:\/\/www.repro-auto.fr\/index.php\/wp-json\/wp\/v2\/comments?post=242"}],"wp:featuredmedia":[{"embeddable":true,"href":"https:\/\/www.repro-auto.fr\/index.php\/wp-json\/wp\/v2\/media\/708"}],"wp:attachment":[{"href":"https:\/\/www.repro-auto.fr\/index.php\/wp-json\/wp\/v2\/media?parent=242"}],"wp:term":[{"taxonomy":"product_brand","embeddable":true,"href":"https:\/\/www.repro-auto.fr\/index.php\/wp-json\/wp\/v2\/product_brand?post=242"},{"taxonomy":"product_cat","embeddable":true,"href":"https:\/\/www.repro-auto.fr\/index.php\/wp-json\/wp\/v2\/product_cat?post=242"},{"taxonomy":"product_tag","embeddable":true,"href":"https:\/\/www.repro-auto.fr\/index.php\/wp-json\/wp\/v2\/product_tag?post=242"}],"curies":[{"name":"wp","href":"https:\/\/api.w.org\/{rel}","templated":true}]}}