{"id":251,"date":"2025-06-11T10:34:20","date_gmt":"2025-06-11T08:34:20","guid":{"rendered":"http:\/\/www.repro-auto.fr\/index.php\/produit\/pochette-de-joint-complete-solex-22-bic-iac\/"},"modified":"2025-06-24T18:41:13","modified_gmt":"2025-06-24T16:41:13","slug":"pochette-de-joint-complete-solex-22-bic-iac","status":"publish","type":"product","link":"https:\/\/www.repro-auto.fr\/index.php\/produit\/pochette-de-joint-complete-solex-22-bic-iac\/","title":{"rendered":"Pochette de joint compl\u00e8te &#8211; Solex 22 BIC\/IAC"},"content":{"rendered":"<p>Kit de joint carburateur Solex 32 BIC\/IAC<\/p>\n<p>Quantit\u00e9 : 3 (1x cuve \u2013 2x embases)<\/p>\n<p>Mati\u00e8re : papier \u00e0 joint ou nitrile (joint de cuve uniquement). Le nitrile est une mati\u00e8re plastique plus durable que le papier, mais surtout r\u00e9utilisable !<\/p>\n<p>Compatibilit\u00e9 : Carburateur Solex 22 BIC\/IAC \u2013 Renault 4CV \u2013 Juva 4<\/p>\n<p>R\u00e9f\u00e9rence : RA-CASO-0026-POC<\/p>\n","protected":false},"excerpt":{"rendered":"<p>Kit de joint carburateur Solex 32 BIC\/IAC Quantit\u00e9 : 3 (1x cuve \u2013 2x embases) Mati\u00e8re : papier \u00e0 joint ou nitrile (joint de cuve uniquement). Le nitrile est une mati\u00e8re plastique plus durable que le papier, mais surtout r\u00e9utilisable ! Compatibilit\u00e9 : Carburateur Solex 22 BIC\/IAC \u2013 Renault 4CV \u2013 Juva 4 R\u00e9f\u00e9rence : &hellip; <\/p>\n<p class=\"link-more\"><a href=\"https:\/\/www.repro-auto.fr\/index.php\/produit\/pochette-de-joint-complete-solex-22-bic-iac\/\" class=\"more-link\">Lire la suite de<span class=\"screen-reader-text\">\u00ab\u00a0Pochette de joint compl\u00e8te &#8211; Solex 22 BIC\/IAC\u00a0\u00bb<\/span><\/a><\/p>\n","protected":false},"featured_media":696,"comment_status":"open","ping_status":"closed","template":"","meta":{"googlesitekit_rrm_CAow_9C-DA:productID":"","om_disable_all_campaigns":false,"_monsterinsights_skip_tracking":false,"_monsterinsights_sitenote_active":false,"_monsterinsights_sitenote_note":"","_monsterinsights_sitenote_category":0},"product_brand":[28],"product_cat":[93,80,160,81,89],"product_tag":[],"class_list":{"0":"post-251","1":"product","2":"type-product","3":"status-publish","4":"has-post-thumbnail","6":"product_brand-repro-auto","7":"product_cat-4cv","8":"product_cat-carburateur","9":"product_cat-juva-4","10":"product_cat-renault","11":"product_cat-solex","13":"first","14":"instock","15":"taxable","16":"shipping-taxable","17":"purchasable","18":"product-type-variable"},"aioseo_notices":[],"_links":{"self":[{"href":"https:\/\/www.repro-auto.fr\/index.php\/wp-json\/wp\/v2\/product\/251","targetHints":{"allow":["GET"]}}],"collection":[{"href":"https:\/\/www.repro-auto.fr\/index.php\/wp-json\/wp\/v2\/product"}],"about":[{"href":"https:\/\/www.repro-auto.fr\/index.php\/wp-json\/wp\/v2\/types\/product"}],"replies":[{"embeddable":true,"href":"https:\/\/www.repro-auto.fr\/index.php\/wp-json\/wp\/v2\/comments?post=251"}],"wp:featuredmedia":[{"embeddable":true,"href":"https:\/\/www.repro-auto.fr\/index.php\/wp-json\/wp\/v2\/media\/696"}],"wp:attachment":[{"href":"https:\/\/www.repro-auto.fr\/index.php\/wp-json\/wp\/v2\/media?parent=251"}],"wp:term":[{"taxonomy":"product_brand","embeddable":true,"href":"https:\/\/www.repro-auto.fr\/index.php\/wp-json\/wp\/v2\/product_brand?post=251"},{"taxonomy":"product_cat","embeddable":true,"href":"https:\/\/www.repro-auto.fr\/index.php\/wp-json\/wp\/v2\/product_cat?post=251"},{"taxonomy":"product_tag","embeddable":true,"href":"https:\/\/www.repro-auto.fr\/index.php\/wp-json\/wp\/v2\/product_tag?post=251"}],"curies":[{"name":"wp","href":"https:\/\/api.w.org\/{rel}","templated":true}]}}