{"id":257,"date":"2025-06-11T10:34:21","date_gmt":"2025-06-11T08:34:21","guid":{"rendered":"http:\/\/www.repro-auto.fr\/index.php\/produit\/pochette-de-joint-complete-solex-22-ids\/"},"modified":"2025-06-24T18:35:04","modified_gmt":"2025-06-24T16:35:04","slug":"pochette-de-joint-complete-solex-22-ids","status":"publish","type":"product","link":"https:\/\/www.repro-auto.fr\/index.php\/produit\/pochette-de-joint-complete-solex-22-ids\/","title":{"rendered":"Pochette de joint compl\u00e8te &#8211; Solex 22 IDS"},"content":{"rendered":"<p>Kit de joint pour carburateur Solex 22 IDS<\/p>\n<p>Quantit\u00e9 : 3 (1x cuve \u2013 1x joint d\u2019embase \u2013 1x joint d\u2019embase avec 6 petits trous)<\/p>\n<p>Mati\u00e8re : papier \u00e0 joint ou nitrile (joint de cuve uniquement). Le nitrile est une mati\u00e8re plastique plus durable que le papier, mais surtout r\u00e9utilisable !<\/p>\n<p>Compatibilit\u00e9 : Carburateur Solex 22 IDS<\/p>\n<p>R\u00e9f\u00e9rence : RA-CASO-0003-POC<\/p>\n","protected":false},"excerpt":{"rendered":"<p>Kit de joint pour carburateur Solex 22 IDS Quantit\u00e9 : 3 (1x cuve \u2013 1x joint d\u2019embase \u2013 1x joint d\u2019embase avec 6 petits trous) Mati\u00e8re : papier \u00e0 joint ou nitrile (joint de cuve uniquement). Le nitrile est une mati\u00e8re plastique plus durable que le papier, mais surtout r\u00e9utilisable ! Compatibilit\u00e9 : Carburateur Solex &hellip; <\/p>\n<p class=\"link-more\"><a href=\"https:\/\/www.repro-auto.fr\/index.php\/produit\/pochette-de-joint-complete-solex-22-ids\/\" class=\"more-link\">Lire la suite de<span class=\"screen-reader-text\">\u00ab\u00a0Pochette de joint compl\u00e8te &#8211; Solex 22 IDS\u00a0\u00bb<\/span><\/a><\/p>\n","protected":false},"featured_media":685,"comment_status":"open","ping_status":"closed","template":"","meta":{"googlesitekit_rrm_CAow_9C-DA:productID":"","om_disable_all_campaigns":false,"_monsterinsights_skip_tracking":false,"_monsterinsights_sitenote_active":false,"_monsterinsights_sitenote_note":"","_monsterinsights_sitenote_category":0},"product_brand":[28],"product_cat":[92,80,81,89],"product_tag":[],"class_list":{"0":"post-257","1":"product","2":"type-product","3":"status-publish","4":"has-post-thumbnail","6":"product_brand-repro-auto","7":"product_cat-4l","8":"product_cat-carburateur","9":"product_cat-renault","10":"product_cat-solex","12":"first","13":"instock","14":"taxable","15":"shipping-taxable","16":"purchasable","17":"product-type-variable"},"aioseo_notices":[],"_links":{"self":[{"href":"https:\/\/www.repro-auto.fr\/index.php\/wp-json\/wp\/v2\/product\/257","targetHints":{"allow":["GET"]}}],"collection":[{"href":"https:\/\/www.repro-auto.fr\/index.php\/wp-json\/wp\/v2\/product"}],"about":[{"href":"https:\/\/www.repro-auto.fr\/index.php\/wp-json\/wp\/v2\/types\/product"}],"replies":[{"embeddable":true,"href":"https:\/\/www.repro-auto.fr\/index.php\/wp-json\/wp\/v2\/comments?post=257"}],"wp:featuredmedia":[{"embeddable":true,"href":"https:\/\/www.repro-auto.fr\/index.php\/wp-json\/wp\/v2\/media\/685"}],"wp:attachment":[{"href":"https:\/\/www.repro-auto.fr\/index.php\/wp-json\/wp\/v2\/media?parent=257"}],"wp:term":[{"taxonomy":"product_brand","embeddable":true,"href":"https:\/\/www.repro-auto.fr\/index.php\/wp-json\/wp\/v2\/product_brand?post=257"},{"taxonomy":"product_cat","embeddable":true,"href":"https:\/\/www.repro-auto.fr\/index.php\/wp-json\/wp\/v2\/product_cat?post=257"},{"taxonomy":"product_tag","embeddable":true,"href":"https:\/\/www.repro-auto.fr\/index.php\/wp-json\/wp\/v2\/product_tag?post=257"}],"curies":[{"name":"wp","href":"https:\/\/api.w.org\/{rel}","templated":true}]}}