{"id":259,"date":"2025-06-11T10:34:21","date_gmt":"2025-06-11T08:34:21","guid":{"rendered":"http:\/\/www.repro-auto.fr\/index.php\/produit\/pochette-de-joint-complete-solex-26-dits-26dis-26dis-2-4-5\/"},"modified":"2025-06-24T18:32:47","modified_gmt":"2025-06-24T16:32:47","slug":"pochette-de-joint-complete-solex-26-dits-26dis-26dis-2-4-5","status":"publish","type":"product","link":"https:\/\/www.repro-auto.fr\/index.php\/produit\/pochette-de-joint-complete-solex-26-dits-26dis-26dis-2-4-5\/","title":{"rendered":"Pochette de joint compl\u00e8te &#8211; Solex 26 DITS\/26DIS\/26DIS 2-4-5"},"content":{"rendered":"<p>Kit de joint carburateur Solex 26 DITS\/DIS\/DIS 2-4-5 pour Renault 4L avec moteur Billancourt 782cc<\/p>\n<p>Quantit\u00e9 : 3 (1x cuve \u2013 2x embases)<\/p>\n<p>Mati\u00e8re : papier \u00e0 joint ou nitrile (joint de cuve uniquement). Le nitrile est une mati\u00e8re plastique plus durable que le papier, mais surtout r\u00e9utilisable !<\/p>\n<p>Compatibilit\u00e9 : Carburateur Solex 26 DITS\/DIS\/DIS 2-4-5 pour Renault 4L (moteur Billancourt 782cc \u2013 10\/1972-06\/1982)<\/p>\n<p>R\u00e9f\u00e9rence : RA-CASO-0002-POC<\/p>\n","protected":false},"excerpt":{"rendered":"<p>Kit de joint carburateur Solex 26 DITS\/DIS\/DIS 2-4-5 pour Renault 4L avec moteur Billancourt 782cc Quantit\u00e9 : 3 (1x cuve \u2013 2x embases) Mati\u00e8re : papier \u00e0 joint ou nitrile (joint de cuve uniquement). Le nitrile est une mati\u00e8re plastique plus durable que le papier, mais surtout r\u00e9utilisable ! Compatibilit\u00e9 : Carburateur Solex 26 DITS\/DIS\/DIS &hellip; <\/p>\n<p class=\"link-more\"><a href=\"https:\/\/www.repro-auto.fr\/index.php\/produit\/pochette-de-joint-complete-solex-26-dits-26dis-26dis-2-4-5\/\" class=\"more-link\">Lire la suite de<span class=\"screen-reader-text\">\u00ab\u00a0Pochette de joint compl\u00e8te &#8211; Solex 26 DITS\/26DIS\/26DIS 2-4-5\u00a0\u00bb<\/span><\/a><\/p>\n","protected":false},"featured_media":679,"comment_status":"open","ping_status":"closed","template":"","meta":{"googlesitekit_rrm_CAow_9C-DA:productID":"","om_disable_all_campaigns":false,"_monsterinsights_skip_tracking":false,"_monsterinsights_sitenote_active":false,"_monsterinsights_sitenote_note":"","_monsterinsights_sitenote_category":0},"product_brand":[28],"product_cat":[92,80,81,89],"product_tag":[],"class_list":{"0":"post-259","1":"product","2":"type-product","3":"status-publish","4":"has-post-thumbnail","6":"product_brand-repro-auto","7":"product_cat-4l","8":"product_cat-carburateur","9":"product_cat-renault","10":"product_cat-solex","12":"first","13":"instock","14":"taxable","15":"shipping-taxable","16":"purchasable","17":"product-type-variable"},"aioseo_notices":[],"_links":{"self":[{"href":"https:\/\/www.repro-auto.fr\/index.php\/wp-json\/wp\/v2\/product\/259","targetHints":{"allow":["GET"]}}],"collection":[{"href":"https:\/\/www.repro-auto.fr\/index.php\/wp-json\/wp\/v2\/product"}],"about":[{"href":"https:\/\/www.repro-auto.fr\/index.php\/wp-json\/wp\/v2\/types\/product"}],"replies":[{"embeddable":true,"href":"https:\/\/www.repro-auto.fr\/index.php\/wp-json\/wp\/v2\/comments?post=259"}],"wp:featuredmedia":[{"embeddable":true,"href":"https:\/\/www.repro-auto.fr\/index.php\/wp-json\/wp\/v2\/media\/679"}],"wp:attachment":[{"href":"https:\/\/www.repro-auto.fr\/index.php\/wp-json\/wp\/v2\/media?parent=259"}],"wp:term":[{"taxonomy":"product_brand","embeddable":true,"href":"https:\/\/www.repro-auto.fr\/index.php\/wp-json\/wp\/v2\/product_brand?post=259"},{"taxonomy":"product_cat","embeddable":true,"href":"https:\/\/www.repro-auto.fr\/index.php\/wp-json\/wp\/v2\/product_cat?post=259"},{"taxonomy":"product_tag","embeddable":true,"href":"https:\/\/www.repro-auto.fr\/index.php\/wp-json\/wp\/v2\/product_tag?post=259"}],"curies":[{"name":"wp","href":"https:\/\/api.w.org\/{rel}","templated":true}]}}