{"id":261,"date":"2025-06-11T10:34:22","date_gmt":"2025-06-11T08:34:22","guid":{"rendered":"http:\/\/www.repro-auto.fr\/index.php\/produit\/pochette-de-joint-complete-solex-28-ibs\/"},"modified":"2025-06-24T18:29:59","modified_gmt":"2025-06-24T16:29:59","slug":"pochette-de-joint-complete-solex-28-ibs","status":"publish","type":"product","link":"https:\/\/www.repro-auto.fr\/index.php\/produit\/pochette-de-joint-complete-solex-28-ibs\/","title":{"rendered":"Pochette de joint compl\u00e8te &#8211; Solex 28 IBS"},"content":{"rendered":"<p>Kit de joint pour carburateur Solex 28IBS<\/p>\n<p>Quantit\u00e9 : 4 (1x cuve \u2013 3x joint d\u2019embase)<\/p>\n<p>Mati\u00e8re : papier \u00e0 joint ou nitrile (joint de cuve uniquement). Le nitrile est une mati\u00e8re plastique plus durable que le papier, mais surtout r\u00e9utilisable !<\/p>\n<p>Compatibilit\u00e9 : Carburateur Solex 28IBS<\/p>\n<p>R\u00e9f\u00e9rence : RA-CASO-0005-POC<\/p>\n","protected":false},"excerpt":{"rendered":"<p>Kit de joint pour carburateur Solex 28IBS Quantit\u00e9 : 4 (1x cuve \u2013 3x joint d\u2019embase) Mati\u00e8re : papier \u00e0 joint ou nitrile (joint de cuve uniquement). Le nitrile est une mati\u00e8re plastique plus durable que le papier, mais surtout r\u00e9utilisable ! Compatibilit\u00e9 : Carburateur Solex 28IBS R\u00e9f\u00e9rence : RA-CASO-0005-POC<\/p>\n","protected":false},"featured_media":674,"comment_status":"open","ping_status":"closed","template":"","meta":{"googlesitekit_rrm_CAow_9C-DA:productID":"","om_disable_all_campaigns":false,"_monsterinsights_skip_tracking":false,"_monsterinsights_sitenote_active":false,"_monsterinsights_sitenote_note":"","_monsterinsights_sitenote_category":0},"product_brand":[28],"product_cat":[92,80,141,81,89],"product_tag":[],"class_list":{"0":"post-261","1":"product","2":"type-product","3":"status-publish","4":"has-post-thumbnail","6":"product_brand-repro-auto","7":"product_cat-4l","8":"product_cat-carburateur","9":"product_cat-dauphine","10":"product_cat-renault","11":"product_cat-solex","13":"first","14":"instock","15":"taxable","16":"shipping-taxable","17":"purchasable","18":"product-type-variable"},"aioseo_notices":[],"_links":{"self":[{"href":"https:\/\/www.repro-auto.fr\/index.php\/wp-json\/wp\/v2\/product\/261","targetHints":{"allow":["GET"]}}],"collection":[{"href":"https:\/\/www.repro-auto.fr\/index.php\/wp-json\/wp\/v2\/product"}],"about":[{"href":"https:\/\/www.repro-auto.fr\/index.php\/wp-json\/wp\/v2\/types\/product"}],"replies":[{"embeddable":true,"href":"https:\/\/www.repro-auto.fr\/index.php\/wp-json\/wp\/v2\/comments?post=261"}],"wp:featuredmedia":[{"embeddable":true,"href":"https:\/\/www.repro-auto.fr\/index.php\/wp-json\/wp\/v2\/media\/674"}],"wp:attachment":[{"href":"https:\/\/www.repro-auto.fr\/index.php\/wp-json\/wp\/v2\/media?parent=261"}],"wp:term":[{"taxonomy":"product_brand","embeddable":true,"href":"https:\/\/www.repro-auto.fr\/index.php\/wp-json\/wp\/v2\/product_brand?post=261"},{"taxonomy":"product_cat","embeddable":true,"href":"https:\/\/www.repro-auto.fr\/index.php\/wp-json\/wp\/v2\/product_cat?post=261"},{"taxonomy":"product_tag","embeddable":true,"href":"https:\/\/www.repro-auto.fr\/index.php\/wp-json\/wp\/v2\/product_tag?post=261"}],"curies":[{"name":"wp","href":"https:\/\/api.w.org\/{rel}","templated":true}]}}