{"id":266,"date":"2025-06-11T10:34:24","date_gmt":"2025-06-11T08:34:24","guid":{"rendered":"http:\/\/www.repro-auto.fr\/index.php\/produit\/pochette-de-joint-complete-solex-32-1b1\/"},"modified":"2025-06-24T18:25:04","modified_gmt":"2025-06-24T16:25:04","slug":"pochette-de-joint-complete-solex-32-1b1","status":"publish","type":"product","link":"https:\/\/www.repro-auto.fr\/index.php\/produit\/pochette-de-joint-complete-solex-32-1b1\/","title":{"rendered":"Pochette de joint compl\u00e8te &#8211; Solex 32 1B1"},"content":{"rendered":"<p>Kit de joint carburateur Solex 32 1B1<\/p>\n<p>Quantit\u00e9 : 4 (1x cuve \u2013 1x embases \u2013 2x joint de starter)<\/p>\n<p>Mati\u00e8re : papier \u00e0 joint ou nitrile (joint de cuve uniquement). Le nitrile est une mati\u00e8re plastique plus durable que le papier, mais surtout r\u00e9utilisable !<\/p>\n<p>Compatibilit\u00e9 : Carburateur Solex 32 1B1, Renault Clio 1 1.1-1.2-1.4 RN RL RT (1990-1992)<\/p>\n<p>R\u00e9f\u00e9rence : RA-CASO-0022-POC<\/p>\n","protected":false},"excerpt":{"rendered":"<p>Kit de joint carburateur Solex 32 1B1 Quantit\u00e9 : 4 (1x cuve \u2013 1x embases \u2013 2x joint de starter) Mati\u00e8re : papier \u00e0 joint ou nitrile (joint de cuve uniquement). Le nitrile est une mati\u00e8re plastique plus durable que le papier, mais surtout r\u00e9utilisable ! Compatibilit\u00e9 : Carburateur Solex 32 1B1, Renault Clio 1 &hellip; <\/p>\n<p class=\"link-more\"><a href=\"https:\/\/www.repro-auto.fr\/index.php\/produit\/pochette-de-joint-complete-solex-32-1b1\/\" class=\"more-link\">Lire la suite de<span class=\"screen-reader-text\">\u00ab\u00a0Pochette de joint compl\u00e8te &#8211; Solex 32 1B1\u00a0\u00bb<\/span><\/a><\/p>\n","protected":false},"featured_media":664,"comment_status":"open","ping_status":"closed","template":"","meta":{"googlesitekit_rrm_CAow_9C-DA:productID":"","om_disable_all_campaigns":false,"_monsterinsights_skip_tracking":false,"_monsterinsights_sitenote_active":false,"_monsterinsights_sitenote_note":"","_monsterinsights_sitenote_category":0},"product_brand":[28],"product_cat":[80,156,89],"product_tag":[],"class_list":{"0":"post-266","1":"product","2":"type-product","3":"status-publish","4":"has-post-thumbnail","6":"product_brand-repro-auto","7":"product_cat-carburateur","8":"product_cat-clio-1","9":"product_cat-solex","11":"first","12":"instock","13":"taxable","14":"shipping-taxable","15":"purchasable","16":"product-type-variable"},"aioseo_notices":[],"_links":{"self":[{"href":"https:\/\/www.repro-auto.fr\/index.php\/wp-json\/wp\/v2\/product\/266","targetHints":{"allow":["GET"]}}],"collection":[{"href":"https:\/\/www.repro-auto.fr\/index.php\/wp-json\/wp\/v2\/product"}],"about":[{"href":"https:\/\/www.repro-auto.fr\/index.php\/wp-json\/wp\/v2\/types\/product"}],"replies":[{"embeddable":true,"href":"https:\/\/www.repro-auto.fr\/index.php\/wp-json\/wp\/v2\/comments?post=266"}],"wp:featuredmedia":[{"embeddable":true,"href":"https:\/\/www.repro-auto.fr\/index.php\/wp-json\/wp\/v2\/media\/664"}],"wp:attachment":[{"href":"https:\/\/www.repro-auto.fr\/index.php\/wp-json\/wp\/v2\/media?parent=266"}],"wp:term":[{"taxonomy":"product_brand","embeddable":true,"href":"https:\/\/www.repro-auto.fr\/index.php\/wp-json\/wp\/v2\/product_brand?post=266"},{"taxonomy":"product_cat","embeddable":true,"href":"https:\/\/www.repro-auto.fr\/index.php\/wp-json\/wp\/v2\/product_cat?post=266"},{"taxonomy":"product_tag","embeddable":true,"href":"https:\/\/www.repro-auto.fr\/index.php\/wp-json\/wp\/v2\/product_tag?post=266"}],"curies":[{"name":"wp","href":"https:\/\/api.w.org\/{rel}","templated":true}]}}