{"id":270,"date":"2025-06-11T10:34:25","date_gmt":"2025-06-11T08:34:25","guid":{"rendered":"http:\/\/www.repro-auto.fr\/index.php\/produit\/pochette-de-joint-complete-solex-32-dista-32-dita-3\/"},"modified":"2025-06-24T18:19:04","modified_gmt":"2025-06-24T16:19:04","slug":"pochette-de-joint-complete-solex-32-dista-32-dita-3","status":"publish","type":"product","link":"https:\/\/www.repro-auto.fr\/index.php\/produit\/pochette-de-joint-complete-solex-32-dista-32-dita-3\/","title":{"rendered":"Pochette de joint compl\u00e8te &#8211; Solex 32 DISTA &#8211; 32 DITA 3"},"content":{"rendered":"<p>Kit de joint carburateur Solex 32 DISTA \u2013 32 DITA 3 pour Renault R6, R8, R10 et R16<\/p>\n<p>Quantit\u00e9 : 3 (1x cuve \u2013 2x embases)<\/p>\n<p>Mati\u00e8re : papier \u00e0 joint ou nitrile (joint de cuve uniquement). Le nitrile est une mati\u00e8re plastique plus durable que le papier, mais surtout r\u00e9utilisable !<\/p>\n<p>Compatibilit\u00e9 : Carburateur Solex 32 DISTA \u2013 32 DITA 3 pour Renault R6, R8, R10 et R16<\/p>\n<p>R\u00e9f\u00e9rence : RA-CASO-0020-POC<\/p>\n","protected":false},"excerpt":{"rendered":"<p>Kit de joint carburateur Solex 32 DISTA \u2013 32 DITA 3 pour Renault R6, R8, R10 et R16 Quantit\u00e9 : 3 (1x cuve \u2013 2x embases) Mati\u00e8re : papier \u00e0 joint ou nitrile (joint de cuve uniquement). Le nitrile est une mati\u00e8re plastique plus durable que le papier, mais surtout r\u00e9utilisable ! Compatibilit\u00e9 : Carburateur &hellip; <\/p>\n<p class=\"link-more\"><a href=\"https:\/\/www.repro-auto.fr\/index.php\/produit\/pochette-de-joint-complete-solex-32-dista-32-dita-3\/\" class=\"more-link\">Lire la suite de<span class=\"screen-reader-text\">\u00ab\u00a0Pochette de joint compl\u00e8te &#8211; Solex 32 DISTA &#8211; 32 DITA 3\u00a0\u00bb<\/span><\/a><\/p>\n","protected":false},"featured_media":657,"comment_status":"open","ping_status":"closed","template":"","meta":{"googlesitekit_rrm_CAow_9C-DA:productID":"","om_disable_all_campaigns":false,"_monsterinsights_skip_tracking":false,"_monsterinsights_sitenote_active":false,"_monsterinsights_sitenote_note":"","_monsterinsights_sitenote_category":0},"product_brand":[28],"product_cat":[80,97,98,95,96,81,89],"product_tag":[],"class_list":{"0":"post-270","1":"product","2":"type-product","3":"status-publish","4":"has-post-thumbnail","6":"product_brand-repro-auto","7":"product_cat-carburateur","8":"product_cat-r10","9":"product_cat-r16","10":"product_cat-r6","11":"product_cat-r8","12":"product_cat-renault","13":"product_cat-solex","15":"first","16":"instock","17":"taxable","18":"shipping-taxable","19":"purchasable","20":"product-type-variable"},"aioseo_notices":[],"_links":{"self":[{"href":"https:\/\/www.repro-auto.fr\/index.php\/wp-json\/wp\/v2\/product\/270","targetHints":{"allow":["GET"]}}],"collection":[{"href":"https:\/\/www.repro-auto.fr\/index.php\/wp-json\/wp\/v2\/product"}],"about":[{"href":"https:\/\/www.repro-auto.fr\/index.php\/wp-json\/wp\/v2\/types\/product"}],"replies":[{"embeddable":true,"href":"https:\/\/www.repro-auto.fr\/index.php\/wp-json\/wp\/v2\/comments?post=270"}],"wp:featuredmedia":[{"embeddable":true,"href":"https:\/\/www.repro-auto.fr\/index.php\/wp-json\/wp\/v2\/media\/657"}],"wp:attachment":[{"href":"https:\/\/www.repro-auto.fr\/index.php\/wp-json\/wp\/v2\/media?parent=270"}],"wp:term":[{"taxonomy":"product_brand","embeddable":true,"href":"https:\/\/www.repro-auto.fr\/index.php\/wp-json\/wp\/v2\/product_brand?post=270"},{"taxonomy":"product_cat","embeddable":true,"href":"https:\/\/www.repro-auto.fr\/index.php\/wp-json\/wp\/v2\/product_cat?post=270"},{"taxonomy":"product_tag","embeddable":true,"href":"https:\/\/www.repro-auto.fr\/index.php\/wp-json\/wp\/v2\/product_tag?post=270"}],"curies":[{"name":"wp","href":"https:\/\/api.w.org\/{rel}","templated":true}]}}